{"id":397,"date":"2021-06-22T09:13:42","date_gmt":"2021-06-22T09:13:42","guid":{"rendered":"https:\/\/villawinter.com\/cofete\/"},"modified":"2022-07-28T12:55:35","modified_gmt":"2022-07-28T12:55:35","slug":"cofete","status":"publish","type":"page","link":"https:\/\/villawinter.com\/es\/cofete\/","title":{"rendered":"Cofete"},"content":{"rendered":"\t\t<div data-elementor-type=\"wp-page\" data-elementor-id=\"397\" class=\"elementor elementor-397 elementor-167\" data-elementor-post-type=\"page\">\n\t\t\t\t\t\t<header class=\"elementor-section elementor-top-section elementor-element elementor-element-473b3d5c elementor-section-full_width elementor-section-height-min-height elementor-section-height-default elementor-section-items-middle\" data-id=\"473b3d5c\" data-element_type=\"section\">\n\t\t\t\t\t\t<div class=\"elementor-container elementor-column-gap-no\">\n\t\t\t\t\t<div class=\"elementor-column elementor-col-100 elementor-top-column elementor-element elementor-element-4f6966c3\" data-id=\"4f6966c3\" data-element_type=\"column\">\n\t\t\t<div class=\"elementor-widget-wrap elementor-element-populated\">\n\t\t\t\t\t\t<div class=\"elementor-element elementor-element-39190b12 elementor-pagination-position-outside overlay elementor--h-position-center elementor--v-position-middle elementor-widget elementor-widget-slides\" data-id=\"39190b12\" data-element_type=\"widget\" data-settings=\"{&quot;navigation&quot;:&quot;dots&quot;,&quot;autoplay&quot;:&quot;yes&quot;,&quot;autoplay_speed&quot;:5000,&quot;infinite&quot;:&quot;yes&quot;,&quot;transition&quot;:&quot;slide&quot;,&quot;transition_speed&quot;:500}\" data-widget_type=\"slides.default\">\n\t\t\t\t<div class=\"elementor-widget-container\">\n\t\t\t\t\t\t\t\t\t<div class=\"elementor-swiper\">\n\t\t\t\t\t<div class=\"elementor-slides-wrapper elementor-main-swiper swiper\" role=\"region\" aria-roledescription=\"carousel\" aria-label=\"Diapositivas\" dir=\"ltr\" data-animation=\"fadeInUp\">\n\t\t\t\t<div class=\"swiper-wrapper elementor-slides\">\n\t\t\t\t\t\t\t\t\t\t<div class=\"elementor-repeater-item-198c708 swiper-slide\" role=\"group\" aria-roledescription=\"slide\"><div class=\"swiper-slide-bg\" role=\"img\" aria-label=\"cofete1-1200x600\"><\/div><div class=\"swiper-slide-inner\" ><div class=\"swiper-slide-contents\"><\/div><\/div><\/div><div class=\"elementor-repeater-item-476ebea swiper-slide\" role=\"group\" aria-roledescription=\"slide\"><div class=\"swiper-slide-bg\" role=\"img\" aria-label=\"cofete2-1200x600\"><\/div><div class=\"swiper-slide-inner\" ><div class=\"swiper-slide-contents\"><\/div><\/div><\/div><div class=\"elementor-repeater-item-f7d737a swiper-slide\" role=\"group\" aria-roledescription=\"slide\"><div class=\"swiper-slide-bg\" role=\"img\" aria-label=\"cofete3-1200x600\"><\/div><div class=\"swiper-slide-inner\" ><div class=\"swiper-slide-contents\"><\/div><\/div><\/div><div class=\"elementor-repeater-item-1117b9a swiper-slide\" role=\"group\" aria-roledescription=\"slide\"><div class=\"swiper-slide-bg\" role=\"img\" aria-label=\"cofete_air-1200x600\"><\/div><div class=\"swiper-slide-inner\" ><div class=\"swiper-slide-contents\"><\/div><\/div><\/div>\t\t\t\t<\/div>\n\t\t\t\t\t\t\t\t\t\t\t\t\t\t\t\t\t\t\t\t<div class=\"swiper-pagination\"><\/div>\n\t\t\t\t\t\t\t\t\t\t\t\t<\/div>\n\t\t\t\t<\/div>\n\t\t\t\t\t\t\t\t<\/div>\n\t\t\t\t<\/div>\n\t\t\t\t\t<\/div>\n\t\t<\/div>\n\t\t\t\t\t<\/div>\n\t\t<\/header>\n\t\t\t\t<section class=\"elementor-section elementor-top-section elementor-element elementor-element-4a27f8f8 elementor-section-full_width elementor-section-height-default elementor-section-height-default\" data-id=\"4a27f8f8\" data-element_type=\"section\">\n\t\t\t\t\t\t<div class=\"elementor-container elementor-column-gap-no\">\n\t\t\t\t\t<div class=\"elementor-column elementor-col-100 elementor-top-column elementor-element elementor-element-235b1a4c\" data-id=\"235b1a4c\" data-element_type=\"column\">\n\t\t\t<div class=\"elementor-widget-wrap elementor-element-populated\">\n\t\t\t\t\t\t<div class=\"elementor-element elementor-element-44935442 elementor-widget elementor-widget-heading\" data-id=\"44935442\" data-element_type=\"widget\" data-widget_type=\"heading.default\">\n\t\t\t\t<div class=\"elementor-widget-container\">\n\t\t\t\t\t<h1 class=\"elementor-heading-title elementor-size-default\">Cofete<\/h1>\t\t\t\t<\/div>\n\t\t\t\t<\/div>\n\t\t\t\t<div class=\"elementor-element elementor-element-616c812 elementor-widget elementor-widget-text-editor\" data-id=\"616c812\" data-element_type=\"widget\" data-widget_type=\"text-editor.default\">\n\t\t\t\t<div class=\"elementor-widget-container\">\n\t\t\t\t\t\t\t\t\tNo es precisamente f\u00e1cil llegar hasta la Villa Winter. Numerosas gu\u00edas tur\u00edsticas suelen describir la ruta por el macizo de Jand\u00eda hasta las playas legendarias de Barlovento de la costa oeste, pero son pocas las que mencionan que solamente aquellos que tengan pr\u00e1ctica al volante y, en el mejor de los casos, dispongan de un todoterreno, deber\u00edan emprender el camino. La costa oeste constituye una zona solitaria y ofrece poco disfrute para el turista de viaje combinado que se aloja en uno de los hoteles de Jand\u00eda y que espera tomarse un ba\u00f1o cultivado en la playa. El que pretende parar aqu\u00ed, busca soledad, naturaleza y estado puro. \u00danica excepci\u00f3n: el Bar de Cofete, que ya desde hace tiempo desempe\u00f1a el papel de un apreciado punto de encuentro para los aventureros, investigadores y excursionistas. Y el due\u00f1o, Faro, sorprende con su afectuosa hospitalidad y excelente cocina.\r\n\r\nCofete es un lugar extra\u00f1o, situado a unos cientos de metros de la Villa Winter. Lo que antes era un poblado de <em>medianeros<\/em>, los agricultores de Jand\u00eda, es hoy un conjunto de algunas casas de piedra, de las cuales pocas est\u00e1n habitadas de forma permanente. La mayor\u00eda de ellas son utilizadas por vecinos de Morro Jable como casas de fin de semana. Ah\u00ed, en ese lugar, es donde Gustav Winter atrac\u00f3 por primera vez en Jand\u00eda, a bordo de su yate procedente de Gran Canaria. El edificio m\u00e1s antiguo del lugar es la Casa Blanca, la que, en tiempos pasados, formaban la casa y las dependencias agr\u00edcolas de los arrendatarios. En las paredes exteriores de su parte derecha y m\u00e1s antigua se puede apreciar la similitud exacta con la Villa Winter. Adem\u00e1s, las ventanas est\u00e1n cegadas con hormig\u00f3n, al igual que aquellas ventanas de la Villa destinadas a impedir el acceso a ciertas dependencias. Mientras una parte del edificio es de libre acceso para los turistas, muy bienvenidos en el bar, la otra sigue estando cerrada y no permite inspecci\u00f3n. Este edificio fue adquirido por la constructora espa\u00f1ola Lopesan S.A., asimismo como la Villa Winter y el \u00e1rea circundante.\r\n\r\nOtra peculiaridad de la zona es un cerro al lado del poblado de Cofete, la \u00fanica colina a la redonda, que se divisa ya desde lejos. Aunque este cerro detr\u00e1s del bar en Cofete parezca extra\u00f1o, como mucho alberga otro tipo de b\u00fanker natural y un horno de cal, a pesar de que algunos lo tengan por una acumulaci\u00f3n de escombros, como resultado de excavaciones subterr\u00e1neas \u2026\r\n\r\nEl libro <strong><em>WINTER \u2013 EL MITO \u2013 La verdad sobre el ingeniero alem\u00e1n Gustav Oskar Winter<\/em><\/strong> pronto estar\u00e1 disponible en sus ediciones respectivas en espa\u00f1ol, alem\u00e1n e ingl\u00e9s. Ilustrado con una gran cantidad de figuras, mapas y fotograf\u00edas desvelar\u00e1 el secreto de la leyenda sobre Gustav Winter en Fuerteventura \u2026\t\t\t\t\t\t\t\t<\/div>\n\t\t\t\t<\/div>\n\t\t\t\t\t<\/div>\n\t\t<\/div>\n\t\t\t\t\t<\/div>\n\t\t<\/section>\n\t\t\t\t<\/div>\n\t\t","protected":false},"excerpt":{"rendered":"<p>Cofete No es precisamente f\u00e1cil llegar hasta la Villa Winter. Numerosas gu\u00edas tur\u00edsticas suelen describir la ruta por el macizo de Jand\u00eda hasta las playas legendarias de Barlovento de la costa oeste, pero son pocas las que mencionan que solamente aquellos que tengan pr\u00e1ctica al volante y, en el mejor de los casos, dispongan de [&hellip;]<\/p>\n","protected":false},"author":2,"featured_media":0,"parent":0,"menu_order":0,"comment_status":"closed","ping_status":"closed","template":"elementor_header_footer","meta":{"footnotes":""},"class_list":["post-397","page","type-page","status-publish","hentry"],"_links":{"self":[{"href":"https:\/\/villawinter.com\/es\/wp-json\/wp\/v2\/pages\/397","targetHints":{"allow":["GET"]}}],"collection":[{"href":"https:\/\/villawinter.com\/es\/wp-json\/wp\/v2\/pages"}],"about":[{"href":"https:\/\/villawinter.com\/es\/wp-json\/wp\/v2\/types\/page"}],"author":[{"embeddable":true,"href":"https:\/\/villawinter.com\/es\/wp-json\/wp\/v2\/users\/2"}],"replies":[{"embeddable":true,"href":"https:\/\/villawinter.com\/es\/wp-json\/wp\/v2\/comments?post=397"}],"version-history":[{"count":2,"href":"https:\/\/villawinter.com\/es\/wp-json\/wp\/v2\/pages\/397\/revisions"}],"predecessor-version":[{"id":1118,"href":"https:\/\/villawinter.com\/es\/wp-json\/wp\/v2\/pages\/397\/revisions\/1118"}],"wp:attachment":[{"href":"https:\/\/villawinter.com\/es\/wp-json\/wp\/v2\/media?parent=397"}],"curies":[{"name":"wp","href":"https:\/\/api.w.org\/{rel}","templated":true}]}}