{"id":410,"date":"2021-06-22T09:17:15","date_gmt":"2021-06-22T09:17:15","guid":{"rendered":"https:\/\/villawinter.com\/la-leyenda\/"},"modified":"2022-11-22T08:34:55","modified_gmt":"2022-11-22T08:34:55","slug":"la-leyenda","status":"publish","type":"page","link":"https:\/\/villawinter.com\/es\/la-leyenda\/","title":{"rendered":"La leyenda"},"content":{"rendered":"\t\t<div data-elementor-type=\"wp-page\" data-elementor-id=\"410\" class=\"elementor elementor-410 elementor-127\" data-elementor-post-type=\"page\">\n\t\t\t\t\t\t<header class=\"elementor-section elementor-top-section elementor-element elementor-element-5ffdf864 elementor-section-full_width elementor-section-height-min-height elementor-section-height-default elementor-section-items-middle\" data-id=\"5ffdf864\" data-element_type=\"section\">\n\t\t\t\t\t\t<div class=\"elementor-container elementor-column-gap-no\">\n\t\t\t\t\t<div class=\"elementor-column elementor-col-100 elementor-top-column elementor-element elementor-element-13e35162\" data-id=\"13e35162\" data-element_type=\"column\">\n\t\t\t<div class=\"elementor-widget-wrap elementor-element-populated\">\n\t\t\t\t\t\t<div class=\"elementor-element elementor-element-7c9d4d86 elementor-pagination-position-outside overlay elementor--h-position-center elementor--v-position-middle elementor-widget elementor-widget-slides\" data-id=\"7c9d4d86\" data-element_type=\"widget\" data-settings=\"{&quot;navigation&quot;:&quot;dots&quot;,&quot;autoplay_speed&quot;:7000,&quot;transition_speed&quot;:1000,&quot;autoplay&quot;:&quot;yes&quot;,&quot;infinite&quot;:&quot;yes&quot;,&quot;transition&quot;:&quot;slide&quot;}\" data-widget_type=\"slides.default\">\n\t\t\t\t<div class=\"elementor-widget-container\">\n\t\t\t\t\t\t\t\t\t<div class=\"elementor-swiper\">\n\t\t\t\t\t<div class=\"elementor-slides-wrapper elementor-main-swiper swiper\" role=\"region\" aria-roledescription=\"carousel\" aria-label=\"Diapositivas\" dir=\"ltr\" data-animation=\"fadeInUp\">\n\t\t\t\t<div class=\"swiper-wrapper elementor-slides\">\n\t\t\t\t\t\t\t\t\t\t<div class=\"elementor-repeater-item-198c708 swiper-slide\" role=\"group\" aria-roledescription=\"slide\"><div class=\"swiper-slide-bg\" role=\"img\" aria-label=\"Karte von Cofete auf Fuerteventura\"><\/div><div class=\"swiper-slide-inner\" ><div class=\"swiper-slide-contents\"><\/div><\/div><\/div><div class=\"elementor-repeater-item-476ebea swiper-slide\" role=\"group\" aria-roledescription=\"slide\"><div class=\"swiper-slide-bg\" role=\"img\" aria-label=\"Strand von Fuerteventura\"><\/div><div class=\"swiper-slide-inner\" ><div class=\"swiper-slide-contents\"><\/div><\/div><\/div><div class=\"elementor-repeater-item-f7d737a swiper-slide\" role=\"group\" aria-roledescription=\"slide\"><div class=\"swiper-slide-bg\" role=\"img\" aria-label=\"H\u00f6hlenausblick von Fuerteventura\"><\/div><div class=\"swiper-slide-inner\" ><div class=\"swiper-slide-contents\"><\/div><\/div><\/div><div class=\"elementor-repeater-item-1117b9a swiper-slide\" role=\"group\" aria-roledescription=\"slide\"><div class=\"swiper-slide-bg\" role=\"img\" aria-label=\"Nazi U-Boot Pl\u00e4ne\"><\/div><div class=\"swiper-slide-inner\" ><div class=\"swiper-slide-contents\"><\/div><\/div><\/div>\t\t\t\t<\/div>\n\t\t\t\t\t\t\t\t\t\t\t\t\t\t\t\t\t\t\t\t<div class=\"swiper-pagination\"><\/div>\n\t\t\t\t\t\t\t\t\t\t\t\t<\/div>\n\t\t\t\t<\/div>\n\t\t\t\t\t\t\t\t<\/div>\n\t\t\t\t<\/div>\n\t\t\t\t\t<\/div>\n\t\t<\/div>\n\t\t\t\t\t<\/div>\n\t\t<\/header>\n\t\t\t\t<main class=\"elementor-section elementor-top-section elementor-element elementor-element-2c42ee2b elementor-section-full_width elementor-section-height-default elementor-section-height-default\" data-id=\"2c42ee2b\" data-element_type=\"section\">\n\t\t\t\t\t\t<div class=\"elementor-container elementor-column-gap-no\">\n\t\t\t\t\t<div class=\"elementor-column elementor-col-100 elementor-top-column elementor-element elementor-element-49269e49\" data-id=\"49269e49\" data-element_type=\"column\">\n\t\t\t<div class=\"elementor-widget-wrap elementor-element-populated\">\n\t\t\t\t\t\t<div class=\"elementor-element elementor-element-7447f4e8 elementor-widget elementor-widget-heading\" data-id=\"7447f4e8\" data-element_type=\"widget\" data-widget_type=\"heading.default\">\n\t\t\t\t<div class=\"elementor-widget-container\">\n\t\t\t\t\t<h1 class=\"elementor-heading-title elementor-size-default\">La leyenda de Winter en Fuerteventura<\/h1>\t\t\t\t<\/div>\n\t\t\t\t<\/div>\n\t\t\t\t<div class=\"elementor-element elementor-element-53f03607 elementor-widget elementor-widget-text-editor\" data-id=\"53f03607\" data-element_type=\"widget\" data-widget_type=\"text-editor.default\">\n\t\t\t\t<div class=\"elementor-widget-container\">\n\t\t\t\t\t\t\t\t\t<em>Hace ya m\u00e1s de 80 a\u00f1os que existe la leyenda sobre el misterioso alem\u00e1n Gustav Winter, a quien pertenec\u00eda toda la Pen\u00ednsula de Jand\u00eda y que supuestamente era un \u00edntimo hombre de confianza de G\u00f6ring. En las \u00faltimas d\u00e9cadas, un n\u00famero incontable de periodistas, historiadores e investigadores aficionados han intentado averiguar, sin \u00e9xito hasta la fecha, la verdad acerca de todos estos rumores que giran alrededor de los nazis, submarinos, b\u00fankeres secretos y oro robado en la Isla de Fuerteventura.\r\nEl a\u00f1o 2019 ser\u00e1 el punto de inflexi\u00f3n, el secreto se desvelar\u00e1.<\/em>\r\n\r\n<strong>Se dice que lleg\u00f3 a Canarias por primera vez all\u00e1 por los a\u00f1os 20<\/strong> del siglo pasado: Gustav Winter, ingeniero originario de la Selva Negra alemana, nacido en 1893. Construy\u00f3 la central el\u00e9ctrica C\u00cdCER en Las Palmas de Gran Canaria. Despu\u00e9s apareci\u00f3 en la Isla de Fuerteventura, adonde al parecer deb\u00eda de haber llegado acompa\u00f1ado por un malet\u00edn lleno de dinero \u2013 procedente de las arcas de guerra de G\u00f6ring \u2013 para comprar terrenos en la Espa\u00f1a sacudida por la Guerra Civil, con el fin de instalar ah\u00ed una base militar para el Tercer Reich, que se encontraba en la plena fase de preparativos b\u00e9licos.\r\n\r\nAnte ello, el Dictador Francisco Franco no solo no se inmut\u00f3 \u2013 arrastraba una deuda considerable con Hitler, que le hab\u00eda ayudado a ganar la Guerra Civil enviando la Legi\u00f3n C\u00f3ndor -, sino incluso facilit\u00f3 apoyo a los esfuerzos alemanes. Sin perder el tiempo, Winter se apoder\u00f3 de la Pen\u00ednsula de Jand\u00eda, situada en el sur de Fuerteventura.\r\nAl parecer, despu\u00e9s debi\u00f3 de ocurrir algo extra\u00f1o: se levantaron unas vallas para aislar el territorio de la Pen\u00ednsula del resto de la isla. La poblaci\u00f3n aut\u00f3ctona, los llamados medianeros, fueron expulsados autorizados a pisar la zona \u00fanicamente para trabajar en la construcci\u00f3n de carreteras y puertos; al anochecer estaban obligados a abandonar Jand\u00eda. Se dec\u00eda que ahora mandar\u00edan ah\u00ed los alemanes, se hablaba de soldados, buques de guerra, submarinos y bater\u00edas de costa. En el norte de la Pen\u00ednsula de Jand\u00eda, una zona inh\u00f3spita y dejada de la mano de Dios, se comenz\u00f3 la construcci\u00f3n de una casa enorme, que parec\u00eda m\u00e1s una fortaleza que un chalet, al lado del poblado de pastores y agricultores llamado Cofete. La casa, a la que todo el mundo le llamar\u00eda m\u00e1s tarde \u201cVilla Winter \u201c, habr\u00eda sido construida sobre un amplio sistema de cuevas volc\u00e1nicas que comunicaba con el mar. Con mucho empe\u00f1o fueron realizadas unas voladuras en las cuevas subterr\u00e1neas de grandes dimensiones y construidos los atracaderos para los submarinos alemanes. Una y otra vez se mencionaban apellidos como Canaris, Himmler y D\u00f6nitz.\r\n\r\nAh\u00ed, en el interior de esos b\u00fankeres subterr\u00e1neos secretos, habr\u00eda ocurrido el repostaje y el mantenimiento de los submarinos alemanes durante la Segunda Guerra Mundial, lo que los hac\u00eda invisibles para los aviones de reconocimiento de la Royal Air Force, con el fin de hacer frente desde ah\u00ed a los aliados en el atl\u00e1ntico. Junto a Punta Faro, en el extremo sur, surgieron dos campos de aviaci\u00f3n para las Fuerzas A\u00e9reas Alemanas, la Luftwaffe. Gracias a la m\u00e1xima discreci\u00f3n y las abundantes reservas de oro, de las que al parecer deb\u00eda de disponer la base militar, despu\u00e9s del final de la guerra esta base continu\u00f3 funcionando por mucho tiempo. Criminales de guerra como Mengele, Bormann, Eichmann e incluso el propio Hitler habr\u00edan sido sometidos a operaciones de cirug\u00eda est\u00e9tica en las instalaciones m\u00e9dicas de la Villa Winter pudiendo continuar su huida a Sudam\u00e9rica sin ser reconocidos. Mediante aviones y submarinos fueron trasladados a Argentina y la Ant\u00e1rtida, donde el Tercer Reich manten\u00eda otra base en funcionamiento en la legendaria Nueva Suabia, Neuschwabenland.\r\n\r\nM\u00e1s tarde, cuando ya hab\u00edan hecho pasar a los \u00faltimos nazis por aquel lugar, cesaron las actividades en la Villa y la base fue abandonada, quedando protegida de la visita de curiosos por unidades paramilitares, tal y como lo hab\u00eda ordenado Franco. Una vez que todos los pasadizos subterr\u00e1neos, b\u00fankeres e instalaciones hab\u00edan sido volados, borrando de ese modo todas las huellas, la familia Winter vendi\u00f3 toda la finca a inversores de gran solvencia procedentes de todas las partes del mundo. Surgir\u00edan los primeros hoteles como la Casa Atl\u00e1ntica y Jand\u00eda Playa. Un gran grupo empresarial del sector tur\u00edstico de Gran Canaria se hizo con la zona de Cofete y pretend\u00eda abrirla al turismo.\r\n\r\n<strong>Hasta aqu\u00ed, la leyenda<\/strong>. Y ahora, \u00bfqu\u00e9 hay de verdad y qu\u00e9 no? \u00bfHubo en Fuerteventura nazis y submarinos?, \u00bfb\u00fankeres y t\u00faneles secretos? El autor y publicista austro-alem\u00e1n Alexander Peer se hizo cargo de esta historia en el a\u00f1o 2015 y emprendi\u00f3 una investigaci\u00f3n de dos a\u00f1os para desvelar el secreto. Consult\u00f3 archivos en Alemania, Austria, Espa\u00f1a, Gran Breta\u00f1a, Francia, Suiza y Estados Unidos, se entrevist\u00f3 con historiadores de renombre, profesores universitarios, autores, periodistas y testigos presenciales en todo el mundo. Muchos vuelos, miles de kil\u00f3metros en autov\u00eda y cientos de horas de trabajo se invirtieron en viajes de investigaci\u00f3n. Pesquisas extensas en fuentes hasta la fecha inexploradas desenterraron documentaci\u00f3n y documentos nunca revisados antes, que aportan conclusiones sorprendentes. Tanto en archivos municipales, estatales y universitarios como en registros civiles de municipios y ayuntamientos fueron escudri\u00f1ados datos, unos datos que ahora permiten demostrar v\u00ednculos asombrosos. Finalmente, el autor consigui\u00f3 tambi\u00e9n, gracias a su tenacidad, el permiso para poder examinar documentaci\u00f3n hasta ahora inaccesible. Todas las conclusiones obtenidas aportan las piezas de un rompecabezas, con las que Peer compone en este libro una visi\u00f3n completa de estos acontecimientos sorprendentes.\r\n\r\nEl libro <strong><em>WINTER \u2013 EL MITO \u2013 La verdad sobre el ingeniero alem\u00e1n Gustav Oskar Winter<\/em><\/strong> pronto estar\u00e1 disponible en sus ediciones respectivas en espa\u00f1ol, alem\u00e1n e ingl\u00e9s. Ilustrado con una gran cantidad de figuras, mapas y fotograf\u00edas desvelar\u00e1 el secreto de la leyenda sobre Gustav Winter en Fuerteventura \u2026\t\t\t\t\t\t\t\t<\/div>\n\t\t\t\t<\/div>\n\t\t\t\t\t<\/div>\n\t\t<\/div>\n\t\t\t\t\t<\/div>\n\t\t<\/main>\n\t\t\t\t<\/div>\n\t\t","protected":false},"excerpt":{"rendered":"<p>La leyenda de Winter en Fuerteventura Hace ya m\u00e1s de 80 a\u00f1os que existe la leyenda sobre el misterioso alem\u00e1n Gustav Winter, a quien pertenec\u00eda toda la Pen\u00ednsula de Jand\u00eda y que supuestamente era un \u00edntimo hombre de confianza de G\u00f6ring. En las \u00faltimas d\u00e9cadas, un n\u00famero incontable de periodistas, historiadores e investigadores aficionados han [&hellip;]<\/p>\n","protected":false},"author":2,"featured_media":0,"parent":0,"menu_order":0,"comment_status":"closed","ping_status":"closed","template":"elementor_header_footer","meta":{"footnotes":""},"class_list":["post-410","page","type-page","status-publish","hentry"],"_links":{"self":[{"href":"https:\/\/villawinter.com\/es\/wp-json\/wp\/v2\/pages\/410","targetHints":{"allow":["GET"]}}],"collection":[{"href":"https:\/\/villawinter.com\/es\/wp-json\/wp\/v2\/pages"}],"about":[{"href":"https:\/\/villawinter.com\/es\/wp-json\/wp\/v2\/types\/page"}],"author":[{"embeddable":true,"href":"https:\/\/villawinter.com\/es\/wp-json\/wp\/v2\/users\/2"}],"replies":[{"embeddable":true,"href":"https:\/\/villawinter.com\/es\/wp-json\/wp\/v2\/comments?post=410"}],"version-history":[{"count":5,"href":"https:\/\/villawinter.com\/es\/wp-json\/wp\/v2\/pages\/410\/revisions"}],"predecessor-version":[{"id":1158,"href":"https:\/\/villawinter.com\/es\/wp-json\/wp\/v2\/pages\/410\/revisions\/1158"}],"wp:attachment":[{"href":"https:\/\/villawinter.com\/es\/wp-json\/wp\/v2\/media?parent=410"}],"curies":[{"name":"wp","href":"https:\/\/api.w.org\/{rel}","templated":true}]}}