{"id":435,"date":"2021-06-22T09:20:09","date_gmt":"2021-06-22T09:20:09","guid":{"rendered":"https:\/\/villawinter.com\/la-villa\/"},"modified":"2022-07-28T12:57:40","modified_gmt":"2022-07-28T12:57:40","slug":"la-villa","status":"publish","type":"page","link":"https:\/\/villawinter.com\/es\/la-villa\/","title":{"rendered":"La Villa"},"content":{"rendered":"\t\t<div data-elementor-type=\"wp-page\" data-elementor-id=\"435\" class=\"elementor elementor-435 elementor-199\" data-elementor-post-type=\"page\">\n\t\t\t\t\t\t<header class=\"elementor-section elementor-top-section elementor-element elementor-element-73185aeb elementor-section-full_width elementor-section-height-min-height elementor-section-height-default elementor-section-items-middle\" data-id=\"73185aeb\" data-element_type=\"section\">\n\t\t\t\t\t\t<div class=\"elementor-container elementor-column-gap-no\">\n\t\t\t\t\t<div class=\"elementor-column elementor-col-100 elementor-top-column elementor-element elementor-element-54404526\" data-id=\"54404526\" data-element_type=\"column\">\n\t\t\t<div class=\"elementor-widget-wrap elementor-element-populated\">\n\t\t\t\t\t\t<div class=\"elementor-element elementor-element-3aeea65c elementor-pagination-position-outside overlay elementor--h-position-center elementor--v-position-middle elementor-widget elementor-widget-slides\" data-id=\"3aeea65c\" data-element_type=\"widget\" data-settings=\"{&quot;navigation&quot;:&quot;dots&quot;,&quot;autoplay&quot;:&quot;yes&quot;,&quot;autoplay_speed&quot;:5000,&quot;infinite&quot;:&quot;yes&quot;,&quot;transition&quot;:&quot;slide&quot;,&quot;transition_speed&quot;:500}\" data-widget_type=\"slides.default\">\n\t\t\t\t<div class=\"elementor-widget-container\">\n\t\t\t\t\t\t\t\t\t<div class=\"elementor-swiper\">\n\t\t\t\t\t<div class=\"elementor-slides-wrapper elementor-main-swiper swiper\" role=\"region\" aria-roledescription=\"carousel\" aria-label=\"Diapositivas\" dir=\"ltr\" data-animation=\"fadeInUp\">\n\t\t\t\t<div class=\"swiper-wrapper elementor-slides\">\n\t\t\t\t\t\t\t\t\t\t<div class=\"elementor-repeater-item-198c708 swiper-slide\" role=\"group\" aria-roledescription=\"slide\"><div class=\"swiper-slide-bg\" role=\"img\" aria-label=\"villa1-1200x600\"><\/div><div class=\"swiper-slide-inner\" ><div class=\"swiper-slide-contents\"><\/div><\/div><\/div><div class=\"elementor-repeater-item-476ebea swiper-slide\" role=\"group\" aria-roledescription=\"slide\"><div class=\"swiper-slide-bg\" role=\"img\" aria-label=\"villa2-1200x600\"><\/div><div class=\"swiper-slide-inner\" ><div class=\"swiper-slide-contents\"><\/div><\/div><\/div><div class=\"elementor-repeater-item-f7d737a swiper-slide\" role=\"group\" aria-roledescription=\"slide\"><div class=\"swiper-slide-bg\" role=\"img\" aria-label=\"Villa Winter von Gustav Winter in Cofete Fuerteventura\"><\/div><div class=\"swiper-slide-inner\" ><div class=\"swiper-slide-contents\"><\/div><\/div><\/div><div class=\"elementor-repeater-item-1117b9a swiper-slide\" role=\"group\" aria-roledescription=\"slide\"><div class=\"swiper-slide-bg\" role=\"img\" aria-label=\"villa4-1200x600\"><\/div><div class=\"swiper-slide-inner\" ><div class=\"swiper-slide-contents\"><\/div><\/div><\/div>\t\t\t\t<\/div>\n\t\t\t\t\t\t\t\t\t\t\t\t\t\t\t\t\t\t\t\t<div class=\"swiper-pagination\"><\/div>\n\t\t\t\t\t\t\t\t\t\t\t\t<\/div>\n\t\t\t\t<\/div>\n\t\t\t\t\t\t\t\t<\/div>\n\t\t\t\t<\/div>\n\t\t\t\t\t<\/div>\n\t\t<\/div>\n\t\t\t\t\t<\/div>\n\t\t<\/header>\n\t\t\t\t<main class=\"elementor-section elementor-top-section elementor-element elementor-element-41d1469c elementor-section-full_width elementor-section-height-default elementor-section-height-default\" data-id=\"41d1469c\" data-element_type=\"section\">\n\t\t\t\t\t\t<div class=\"elementor-container elementor-column-gap-no\">\n\t\t\t\t\t<div class=\"elementor-column elementor-col-100 elementor-top-column elementor-element elementor-element-533270d7\" data-id=\"533270d7\" data-element_type=\"column\">\n\t\t\t<div class=\"elementor-widget-wrap elementor-element-populated\">\n\t\t\t\t\t\t<div class=\"elementor-element elementor-element-28d45da4 elementor-widget elementor-widget-heading\" data-id=\"28d45da4\" data-element_type=\"widget\" data-widget_type=\"heading.default\">\n\t\t\t\t<div class=\"elementor-widget-container\">\n\t\t\t\t\t<h1 class=\"elementor-heading-title elementor-size-default\">La Villa Winter<\/h1>\t\t\t\t<\/div>\n\t\t\t\t<\/div>\n\t\t\t\t<div class=\"elementor-element elementor-element-36ea0212 elementor-widget elementor-widget-text-editor\" data-id=\"36ea0212\" data-element_type=\"widget\" data-widget_type=\"text-editor.default\">\n\t\t\t\t<div class=\"elementor-widget-container\">\n\t\t\t\t\t\t\t\t\t<section class=\"entry-content cf\">La presunta casa de vacaciones de un general alem\u00e1n, como la denominan algunas gu\u00edas tur\u00edsticas se exhibe masiva e impresionante a la vez, con dos plantas en parte enclavadas en una ladera y una torre en direcci\u00f3n noreste, cuya funci\u00f3n, a pesar de especulaciones, no se ha podido aclarar hasta la fecha.\r\n\r\nYa desde fuera se hace notar el esfuerzo enorme con el que se levant\u00f3 esta casa. Grandes arcos de medio punto, barandillas de madera elaboradas con mucho esmero y numerosos detalles en el interior, que dispone de un generoso patio, reflejan una voluntad creativa que deb\u00eda de estar guiada por una gran meta.\r\n\r\nDon Gustavo, como Gustav Winter era conocido entre los lugare\u00f1os, debi\u00f3 de disponer de grandes recursos financieros y mucho capital humano para llevar a cabo su visi\u00f3n. Se cuenta que obreros lugare\u00f1os ten\u00edan que trabajar en la obra manteniendo m\u00e1xima discreci\u00f3n y estaban obligados a abandonar la zona al anochecer. La totalidad de la Pen\u00ednsula de Jand\u00eda fue declarada zona restringida. Y no solo hab\u00eda lugare\u00f1os trabajando ah\u00ed, presumiblemente tambi\u00e9n colaboraban en la obra alemanes trasladados a Fuerteventura. En ese contexto el misterioso cementerio situado en la playa ofrece motivos para las especulaciones m\u00e1s fant\u00e1sticas.\r\n\r\nLa torre de la Villa se emplear\u00eda, al parecer, como punto de orientaci\u00f3n para submarinos o aviones que se dirig\u00edan al cercano campo de aviaci\u00f3n en Punta Jand\u00eda. \u00bfPara qu\u00e9 servir\u00eda la construcci\u00f3n de dicha Villa situada en medio de un p\u00e1ramo de tierras inf\u00e9rtiles y enfrente de una de las playas m\u00e1s extensas de las Islas Canarias?\r\n\r\nAl tener en cuenta el origen volc\u00e1nico de la zona surge la suposici\u00f3n de la existencia de un sistema de cuevas subterr\u00e1neas. De esa manera, cabr\u00eda la posibilidad de que Winter mandara construir la Villa, que podr\u00eda haber sido levantada en otro lugar, sobre una gruta ya existente. Al parecer existir\u00eda una conexi\u00f3n subterr\u00e1nea al mar, lo que es dudoso, ya que los que conocen esa costa saben que, tanto en Cofete como en sus alrededores, la pendiente no es demasiado pronunciada.\r\n\r\nSin embargo, la idea en relaci\u00f3n a los tubos de lava no parece tan descabellada si se tiene en cuenta que en la Isla de Tenerife est\u00e1n ubicadas las Cuevas del Viento, que conforman el sistema de tubos de lava m\u00e1s grande del mundo, y en Lanzarote las Cuevas o Jameos del Agua, extensas cuevas volc\u00e1nicas. Adem\u00e1s, en la Isla de Fuerteventura tambi\u00e9n se hallan peque\u00f1as cuevas, esparcidas por el territorio majorero, las que incluso llegaron a levantar las sospechas de que estaban relacionadas con las actividades de Winter (por ejemplo, las Cuevas de Ajuy).\r\n\r\nA la torre de la Villa Winter solo se puede acceder desde las dos plantas de arriba, precisamente solo desde aquel entrepiso que posee unas ventanas peque\u00f1as de forma rectangular. En este piso se encuentra adem\u00e1s una enorme caja de fusibles, cuyas dimensiones hacen sospechar que la torre dispon\u00eda, o todav\u00eda dispone, de unos aparatos que demandaban una alta cantidad de electricidad.\r\n\r\nEn el interior del patio de la Villa y sus alrededores se hallan numerosos detalles como, por ejemplo, la cabeza tallada en madera de un cocodrilo convertida en g\u00e1rgola o las puertas caracter\u00edsticas con el emblema de Winter. Se trata de una \u201cW\u201d minuciosamente incorporada, que tiende m\u00e1s a evocar las entradas misteriosas de un palacio encantado que una casa de un ingeniero alem\u00e1n.\r\n\r\nEn el s\u00f3tano de la Villa solo se puede acceder a ciertas partes. Por una escalera y pasando al lado de las puertas cerradas del s\u00f3tano de la torre, se llega a una especie de cocina. \u00c9sta cuenta con una despensa, un montaplatos, un fregadero, algunas encimeras y un horno y desde ah\u00ed salen otras puertas, algunas de ellas cerradas o cegadas.\r\n\r\nEn la parte occidental de la Villa se encuentran otros accesos a la parte inaccesible del s\u00f3tano. Mediante un orificio diminuto se puede ir apreciando un pasadizo largo con varias puertas en la ladera derecha. Otra ventana est\u00e1 completamente cerrada y tapada y tras ella se halla un pasadizo sin puertas ni ventanas. La funci\u00f3n de este \u00faltimo pasadizo no se conoce. Las dependencias del s\u00f3tano est\u00e1n conectadas a trav\u00e9s de un pasillo alargado, el acceso a las dependencias es posible, pero est\u00e1n vac\u00edas.\r\n\r\nEn el patio de la Villa se encuentra una antigua vagoneta, castigada por la intemperie y erosi\u00f3n. Esto deja entrever el porqu\u00e9 de las relaciones entre la Villa y las especulaciones sobre ella, ya que dicha antigua vagoneta es de la casa Krupp. Un ra\u00edl situado a unos 200 metros de la Villa, con un trazado en direcci\u00f3n al macizo, junto con otros ra\u00edles encontrados en las inmediaciones, dan testimonio de una intensa actividad minera \u2026\r\n\r\nEl libro <strong><em>WINTER \u2013 EL MITO \u2013 La verdad sobre el ingeniero alem\u00e1n Gustav Oskar Winter <\/em><\/strong>pronto estar\u00e1 disponible en sus ediciones respectivas en espa\u00f1ol, alem\u00e1n e ingl\u00e9s. Ilustrado con una gran cantidad de figuras, mapas y fotograf\u00edas desvelar\u00e1 el secreto de la leyenda sobre Gustav Winter en Fuerteventura \u2026\r\n\r\n<\/section>\t\t\t\t\t\t\t\t<\/div>\n\t\t\t\t<\/div>\n\t\t\t\t\t<\/div>\n\t\t<\/div>\n\t\t\t\t\t<\/div>\n\t\t<\/main>\n\t\t\t\t<\/div>\n\t\t","protected":false},"excerpt":{"rendered":"<p>La Villa Winter La presunta casa de vacaciones de un general alem\u00e1n, como la denominan algunas gu\u00edas tur\u00edsticas se exhibe masiva e impresionante a la vez, con dos plantas en parte enclavadas en una ladera y una torre en direcci\u00f3n noreste, cuya funci\u00f3n, a pesar de especulaciones, no se ha podido aclarar hasta la fecha. [&hellip;]<\/p>\n","protected":false},"author":2,"featured_media":0,"parent":0,"menu_order":0,"comment_status":"closed","ping_status":"closed","template":"elementor_header_footer","meta":{"footnotes":""},"class_list":["post-435","page","type-page","status-publish","hentry"],"_links":{"self":[{"href":"https:\/\/villawinter.com\/es\/wp-json\/wp\/v2\/pages\/435","targetHints":{"allow":["GET"]}}],"collection":[{"href":"https:\/\/villawinter.com\/es\/wp-json\/wp\/v2\/pages"}],"about":[{"href":"https:\/\/villawinter.com\/es\/wp-json\/wp\/v2\/types\/page"}],"author":[{"embeddable":true,"href":"https:\/\/villawinter.com\/es\/wp-json\/wp\/v2\/users\/2"}],"replies":[{"embeddable":true,"href":"https:\/\/villawinter.com\/es\/wp-json\/wp\/v2\/comments?post=435"}],"version-history":[{"count":2,"href":"https:\/\/villawinter.com\/es\/wp-json\/wp\/v2\/pages\/435\/revisions"}],"predecessor-version":[{"id":1124,"href":"https:\/\/villawinter.com\/es\/wp-json\/wp\/v2\/pages\/435\/revisions\/1124"}],"wp:attachment":[{"href":"https:\/\/villawinter.com\/es\/wp-json\/wp\/v2\/media?parent=435"}],"curies":[{"name":"wp","href":"https:\/\/api.w.org\/{rel}","templated":true}]}}