{"id":489,"date":"2021-06-22T09:54:29","date_gmt":"2021-06-22T09:54:29","guid":{"rendered":"https:\/\/villawinter.com\/hacer-un-pedido\/"},"modified":"2021-06-22T13:30:03","modified_gmt":"2021-06-22T13:30:03","slug":"hacer-un-pedido","status":"publish","type":"page","link":"https:\/\/villawinter.com\/es\/hacer-un-pedido\/","title":{"rendered":"Hacer un pedido"},"content":{"rendered":"\t\t<div data-elementor-type=\"wp-page\" data-elementor-id=\"489\" class=\"elementor elementor-489 elementor-90\" data-elementor-post-type=\"page\">\n\t\t\t\t\t\t<section class=\"elementor-section elementor-top-section elementor-element elementor-element-4a893be9 elementor-section-full_width elementor-section-height-full elementor-section-height-default elementor-section-items-middle\" data-id=\"4a893be9\" data-element_type=\"section\" data-settings=\"{&quot;background_background&quot;:&quot;classic&quot;}\">\n\t\t\t\t\t\t<div class=\"elementor-container elementor-column-gap-no\">\n\t\t\t\t\t<div class=\"elementor-column elementor-col-100 elementor-top-column elementor-element elementor-element-57805d44\" data-id=\"57805d44\" data-element_type=\"column\">\n\t\t\t<div class=\"elementor-widget-wrap elementor-element-populated\">\n\t\t\t\t\t\t<section class=\"elementor-section elementor-inner-section elementor-element elementor-element-67f4e5f1 elementor-section-boxed elementor-section-height-default elementor-section-height-default\" data-id=\"67f4e5f1\" data-element_type=\"section\">\n\t\t\t\t\t\t<div class=\"elementor-container elementor-column-gap-default\">\n\t\t\t\t\t<div class=\"elementor-column elementor-col-50 elementor-inner-column elementor-element elementor-element-5cff6631\" data-id=\"5cff6631\" data-element_type=\"column\">\n\t\t\t<div class=\"elementor-widget-wrap elementor-element-populated\">\n\t\t\t\t\t\t<div class=\"elementor-element elementor-element-405a9fd7 elementor-widget elementor-widget-image\" data-id=\"405a9fd7\" data-element_type=\"widget\" data-widget_type=\"image.default\">\n\t\t\t\t<div class=\"elementor-widget-container\">\n\t\t\t\t\t\t\t\t\t\t\t\t\t\t\t<img fetchpriority=\"high\" decoding=\"async\" width=\"800\" height=\"690\" src=\"data:image\/gif;base64,R0lGODlhAQABAIAAAAAAAP\/\/\/yH5BAEAAAAALAAAAAABAAEAAAIBRAA7\" data-src=\"https:\/\/villawinter.com\/wp-content\/uploads\/2021\/06\/MYTHOS_WINTER_es.jpg\" class=\"elementor-animation-grow attachment-large size-large wp-image-569 lazyload\" alt=\"\" data-srcset=\"https:\/\/villawinter.com\/wp-content\/uploads\/2021\/06\/MYTHOS_WINTER_es.jpg 1000w, https:\/\/villawinter.com\/wp-content\/uploads\/2021\/06\/MYTHOS_WINTER_es-600x518.jpg 600w, https:\/\/villawinter.com\/wp-content\/uploads\/2021\/06\/MYTHOS_WINTER_es-300x259.jpg 300w, https:\/\/villawinter.com\/wp-content\/uploads\/2021\/06\/MYTHOS_WINTER_es-768x663.jpg 768w\" sizes=\"(max-width: 800px) 100vw, 800px\" \/><noscript><img decoding=\"async\" width=\"800\" height=\"690\" src=\"https:\/\/villawinter.com\/wp-content\/uploads\/2021\/06\/MYTHOS_WINTER_es.jpg\" class=\"elementor-animation-grow attachment-large size-large wp-image-569 lazyload\" alt=\"\" srcset=\"https:\/\/villawinter.com\/wp-content\/uploads\/2021\/06\/MYTHOS_WINTER_es.jpg 1000w, https:\/\/villawinter.com\/wp-content\/uploads\/2021\/06\/MYTHOS_WINTER_es-600x518.jpg 600w, https:\/\/villawinter.com\/wp-content\/uploads\/2021\/06\/MYTHOS_WINTER_es-300x259.jpg 300w, https:\/\/villawinter.com\/wp-content\/uploads\/2021\/06\/MYTHOS_WINTER_es-768x663.jpg 768w\" sizes=\"(max-width: 800px) 100vw, 800px\" \/><\/noscript>\t\t\t\t\t\t\t\t\t\t\t\t\t\t\t<\/div>\n\t\t\t\t<\/div>\n\t\t\t\t\t<\/div>\n\t\t<\/div>\n\t\t\t\t<div class=\"elementor-column elementor-col-50 elementor-inner-column elementor-element elementor-element-1a00daf\" data-id=\"1a00daf\" data-element_type=\"column\">\n\t\t\t<div class=\"elementor-widget-wrap elementor-element-populated\">\n\t\t\t\t\t\t<div class=\"elementor-element elementor-element-1e11a04d elementor-widget elementor-widget-heading\" data-id=\"1e11a04d\" data-element_type=\"widget\" data-widget_type=\"heading.default\">\n\t\t\t\t<div class=\"elementor-widget-container\">\n\t\t\t\t\t<h2 class=\"elementor-heading-title elementor-size-default\"> El mito Winter<\/h2>\t\t\t\t<\/div>\n\t\t\t\t<\/div>\n\t\t\t\t<div class=\"elementor-element elementor-element-40006b9d elementor-widget-divider--view-line elementor-widget elementor-widget-divider\" data-id=\"40006b9d\" data-element_type=\"widget\" data-widget_type=\"divider.default\">\n\t\t\t\t<div class=\"elementor-widget-container\">\n\t\t\t\t\t\t\t<div class=\"elementor-divider\">\n\t\t\t<span class=\"elementor-divider-separator\">\n\t\t\t\t\t\t<\/span>\n\t\t<\/div>\n\t\t\t\t\t\t<\/div>\n\t\t\t\t<\/div>\n\t\t\t\t<div class=\"elementor-element elementor-element-2c319d12 linkc elementor-widget elementor-widget-text-editor\" data-id=\"2c319d12\" data-element_type=\"widget\" data-widget_type=\"text-editor.default\">\n\t\t\t\t<div class=\"elementor-widget-container\">\n\t\t\t\t\t\t\t\t\t<div class=\"elementor-element elementor-element-1f96912e linkc elementor-widget elementor-widget-text-editor\" data-id=\"1f96912e\" data-element_type=\"widget\" data-widget_type=\"text-editor.default\">\n<div class=\"elementor-widget-container\">\n<p>Mito, leyenda, misterio \u2026 \u2013 \u00a1no por mucho m\u00e1s tiempo!<br \/>\nLos motores de nuestro proyecto de investigaci\u00f3n est\u00e1n trabajando a toda m\u00e1quina: nuestro libro de divulgaci\u00f3n presentar\u00e1 pronto los hechos para desvelar el secreto en torno a Gustav Winter.<\/p>\n<p>Para informaci\u00f3n m\u00e1s concreta acerca de nuestro proyecto, Gustav Winter y el Chalet de Cofete accede aqu\u00ed:<\/p>\n<\/div>\n<\/div>\n\t\t\t\t\t\t\t\t<\/div>\n\t\t\t\t<\/div>\n\t\t\t\t<div class=\"elementor-element elementor-element-1161c914 elementor-align-center elementor-widget elementor-widget-button\" data-id=\"1161c914\" data-element_type=\"widget\" data-widget_type=\"button.default\">\n\t\t\t\t<div class=\"elementor-widget-container\">\n\t\t\t\t\t\t\t\t\t<div class=\"elementor-button-wrapper\">\n\t\t\t\t\t<a class=\"elementor-button elementor-button-link elementor-size-sm\" href=\"https:\/\/villawinter.com\/es\/la-leyenda\/\">\n\t\t\t\t\t\t<span class=\"elementor-button-content-wrapper\">\n\t\t\t\t\t\t\t\t\t<span class=\"elementor-button-text\">Ir al sitio web<\/span>\n\t\t\t\t\t<\/span>\n\t\t\t\t\t<\/a>\n\t\t\t\t<\/div>\n\t\t\t\t\t\t\t\t<\/div>\n\t\t\t\t<\/div>\n\t\t\t\t\t<\/div>\n\t\t<\/div>\n\t\t\t\t\t<\/div>\n\t\t<\/section>\n\t\t\t\t<section class=\"elementor-section elementor-inner-section elementor-element elementor-element-5bcc8606 elementor-section-boxed elementor-section-height-default elementor-section-height-default\" data-id=\"5bcc8606\" data-element_type=\"section\">\n\t\t\t\t\t\t<div class=\"elementor-container elementor-column-gap-default\">\n\t\t\t\t\t<div class=\"elementor-column elementor-col-100 elementor-inner-column elementor-element elementor-element-6434ed7d\" data-id=\"6434ed7d\" data-element_type=\"column\">\n\t\t\t<div class=\"elementor-widget-wrap elementor-element-populated\">\n\t\t\t\t\t\t<div class=\"elementor-element elementor-element-605f683f elementor-widget-divider--view-line elementor-widget elementor-widget-divider\" data-id=\"605f683f\" data-element_type=\"widget\" data-widget_type=\"divider.default\">\n\t\t\t\t<div class=\"elementor-widget-container\">\n\t\t\t\t\t\t\t<div class=\"elementor-divider\">\n\t\t\t<span class=\"elementor-divider-separator\">\n\t\t\t\t\t\t<\/span>\n\t\t<\/div>\n\t\t\t\t\t\t<\/div>\n\t\t\t\t<\/div>\n\t\t\t\t<div class=\"elementor-element elementor-element-eff4814 linkc elementor-widget elementor-widget-text-editor\" data-id=\"eff4814\" data-element_type=\"widget\" data-widget_type=\"text-editor.default\">\n\t\t\t\t<div class=\"elementor-widget-container\">\n\t\t\t\t\t\t\t\t\t<p>\u00bfTe quieres convertir en un experto de Winter y no perderte por nada la fecha de publicaci\u00f3n? Suscr\u00edbete a nuestro bolet\u00edn informativo <strong><em>Proyecto Winter \u2013 Carta de informaci\u00f3n <\/em><\/strong>complementando el siguiente formulario con tus datos. Una vez que est\u00e9 disponible el libro, recibir\u00e1s una notificaci\u00f3n nuestra.<\/p>\n\t\t\t\t\t\t\t\t<\/div>\n\t\t\t\t<\/div>\n\t\t\t\t<div class=\"elementor-element elementor-element-4571cc82 elementor-mobile-button-align-start linkc elementor-button-align-stretch elementor-widget elementor-widget-form\" data-id=\"4571cc82\" data-element_type=\"widget\" data-settings=\"{&quot;step_next_label&quot;:&quot;Next&quot;,&quot;step_previous_label&quot;:&quot;Previous&quot;,&quot;button_width&quot;:&quot;100&quot;,&quot;step_type&quot;:&quot;number_text&quot;,&quot;step_icon_shape&quot;:&quot;circle&quot;}\" data-widget_type=\"form.default\">\n\t\t\t\t<div class=\"elementor-widget-container\">\n\t\t\t\t\t\t\t<form class=\"elementor-form\" method=\"post\" name=\"PREORDER ES\" aria-label=\"PREORDER ES\">\n\t\t\t<input type=\"hidden\" name=\"post_id\" value=\"489\"\/>\n\t\t\t<input type=\"hidden\" name=\"form_id\" value=\"4571cc82\"\/>\n\t\t\t<input type=\"hidden\" name=\"referer_title\" value=\"Hacer un pedido - Villa Winter\" \/>\n\n\t\t\t\t\t\t\t<input type=\"hidden\" name=\"queried_id\" value=\"489\"\/>\n\t\t\t\n\t\t\t<div class=\"elementor-form-fields-wrapper elementor-labels-\">\n\t\t\t\t\t\t\t\t<div class=\"elementor-field-type-text elementor-field-group elementor-column elementor-field-group-firstname elementor-col-50 elementor-field-required\">\n\t\t\t\t\t\t\t\t\t\t\t\t<label for=\"form-field-firstname\" class=\"elementor-field-label elementor-screen-only\">\n\t\t\t\t\t\t\t\tVorname\t\t\t\t\t\t\t<\/label>\n\t\t\t\t\t\t\t\t\t\t\t\t\t\t<input size=\"1\" type=\"text\" name=\"form_fields[firstname]\" id=\"form-field-firstname\" class=\"elementor-field elementor-size-sm  elementor-field-textual\" placeholder=\"Nombre de pila\" required=\"required\">\n\t\t\t\t\t\t\t\t\t\t\t<\/div>\n\t\t\t\t\t\t\t\t<div class=\"elementor-field-type-text elementor-field-group elementor-column elementor-field-group-lastname elementor-col-50 elementor-field-required\">\n\t\t\t\t\t\t\t\t\t\t\t\t<label for=\"form-field-lastname\" class=\"elementor-field-label elementor-screen-only\">\n\t\t\t\t\t\t\t\tNachname\t\t\t\t\t\t\t<\/label>\n\t\t\t\t\t\t\t\t\t\t\t\t\t\t<input size=\"1\" type=\"text\" name=\"form_fields[lastname]\" id=\"form-field-lastname\" class=\"elementor-field elementor-size-sm  elementor-field-textual\" placeholder=\"Apellido\" required=\"required\">\n\t\t\t\t\t\t\t\t\t\t\t<\/div>\n\t\t\t\t\t\t\t\t<div class=\"elementor-field-type-text\">\n\t\t\t\t\t<input size=\"1\" type=\"text\" name=\"form_fields[mail]\" id=\"form-field-mail\" class=\"elementor-field elementor-size-sm \" style=\"display:none !important;\">\t\t\t\t<\/div>\n\t\t\t\t\t\t\t\t<div class=\"elementor-field-type-email elementor-field-group elementor-column elementor-field-group-email elementor-col-100 elementor-field-required\">\n\t\t\t\t\t\t\t\t\t\t\t\t<label for=\"form-field-email\" class=\"elementor-field-label elementor-screen-only\">\n\t\t\t\t\t\t\t\tcorreo electr\u00f3nico\t\t\t\t\t\t\t<\/label>\n\t\t\t\t\t\t\t\t\t\t\t\t\t\t<input size=\"1\" type=\"email\" name=\"form_fields[email]\" id=\"form-field-email\" class=\"elementor-field elementor-size-sm  elementor-field-textual\" placeholder=\"correo electr\u00f3nico\" required=\"required\">\n\t\t\t\t\t\t\t\t\t\t\t<\/div>\n\t\t\t\t\t\t\t\t<div class=\"elementor-field-type-acceptance elementor-field-group elementor-column elementor-field-group-field_891df59 elementor-col-100 elementor-field-required\">\n\t\t\t\t\t\t\t\t\t\t\t\t<label for=\"form-field-field_891df59\" class=\"elementor-field-label elementor-screen-only\">\n\t\t\t\t\t\t\t\tHecho\t\t\t\t\t\t\t<\/label>\n\t\t\t\t\t\t\t\t<div class=\"elementor-field-subgroup\">\n\t\t\t<span class=\"elementor-field-option\">\n\t\t\t\t<input type=\"checkbox\" name=\"form_fields[field_891df59]\" id=\"form-field-field_891df59\" class=\"elementor-field elementor-size-sm  elementor-acceptance-field\" required=\"required\">\n\t\t\t\t<label for=\"form-field-field_891df59\">Por la presente acepto la <a href=\"\/es\/politica-de-privacidad\/\" target=\u201c_blank\u201d> pol\u00edtica de privacidad <\/a> y me gustar\u00eda ser informado cuando se publique.<\/label>\t\t\t<\/span>\n\t\t<\/div>\n\t\t\t\t\t\t<\/div>\n\t\t\t\t\t\t\t\t<div class=\"elementor-field-group elementor-column elementor-field-type-submit elementor-col-100 e-form__buttons\">\n\t\t\t\t\t<button class=\"elementor-button elementor-size-sm\" type=\"submit\">\n\t\t\t\t\t\t<span class=\"elementor-button-content-wrapper\">\n\t\t\t\t\t\t\t\t\t\t\t\t\t\t\t\t\t\t\t\t\t\t<span class=\"elementor-button-text\">Inscribir<\/span>\n\t\t\t\t\t\t\t\t\t\t\t\t\t<\/span>\n\t\t\t\t\t<\/button>\n\t\t\t\t<\/div>\n\t\t\t<\/div>\n\t\t<\/form>\n\t\t\t\t\t\t<\/div>\n\t\t\t\t<\/div>\n\t\t\t\t\t<\/div>\n\t\t<\/div>\n\t\t\t\t\t<\/div>\n\t\t<\/section>\n\t\t\t\t\t<\/div>\n\t\t<\/div>\n\t\t\t\t\t<\/div>\n\t\t<\/section>\n\t\t\t\t<\/div>\n\t\t","protected":false},"excerpt":{"rendered":"<p>El mito Winter Mito, leyenda, misterio \u2026 \u2013 \u00a1no por mucho m\u00e1s tiempo! Los motores de nuestro proyecto de investigaci\u00f3n est\u00e1n trabajando a toda m\u00e1quina: nuestro libro de divulgaci\u00f3n presentar\u00e1 pronto los hechos para desvelar el secreto en torno a Gustav Winter. Para informaci\u00f3n m\u00e1s concreta acerca de nuestro proyecto, Gustav Winter y el Chalet [&hellip;]<\/p>\n","protected":false},"author":2,"featured_media":0,"parent":0,"menu_order":0,"comment_status":"closed","ping_status":"closed","template":"elementor_canvas","meta":{"footnotes":""},"class_list":["post-489","page","type-page","status-publish","hentry"],"_links":{"self":[{"href":"https:\/\/villawinter.com\/es\/wp-json\/wp\/v2\/pages\/489","targetHints":{"allow":["GET"]}}],"collection":[{"href":"https:\/\/villawinter.com\/es\/wp-json\/wp\/v2\/pages"}],"about":[{"href":"https:\/\/villawinter.com\/es\/wp-json\/wp\/v2\/types\/page"}],"author":[{"embeddable":true,"href":"https:\/\/villawinter.com\/es\/wp-json\/wp\/v2\/users\/2"}],"replies":[{"embeddable":true,"href":"https:\/\/villawinter.com\/es\/wp-json\/wp\/v2\/comments?post=489"}],"version-history":[{"count":16,"href":"https:\/\/villawinter.com\/es\/wp-json\/wp\/v2\/pages\/489\/revisions"}],"predecessor-version":[{"id":627,"href":"https:\/\/villawinter.com\/es\/wp-json\/wp\/v2\/pages\/489\/revisions\/627"}],"wp:attachment":[{"href":"https:\/\/villawinter.com\/es\/wp-json\/wp\/v2\/media?parent=489"}],"curies":[{"name":"wp","href":"https:\/\/api.w.org\/{rel}","templated":true}]}}