{"id":717,"date":"2021-06-23T13:56:11","date_gmt":"2021-06-23T13:56:11","guid":{"rendered":"https:\/\/villawinter.com\/tienda-2\/"},"modified":"2021-06-24T11:11:21","modified_gmt":"2021-06-24T11:11:21","slug":"tienda-2","status":"publish","type":"page","link":"https:\/\/villawinter.com\/es\/tienda-2\/","title":{"rendered":"Tienda"},"content":{"rendered":"\t\t<div data-elementor-type=\"wp-page\" data-elementor-id=\"717\" class=\"elementor elementor-717 elementor-715\" data-elementor-post-type=\"page\">\n\t\t\t\t\t\t<header class=\"elementor-section elementor-top-section elementor-element elementor-element-66256e3b elementor-section-full_width elementor-section-height-min-height elementor-section-height-default elementor-section-items-middle\" data-id=\"66256e3b\" data-element_type=\"section\">\n\t\t\t\t\t\t<div class=\"elementor-container elementor-column-gap-no\">\n\t\t\t\t\t<div class=\"elementor-column elementor-col-100 elementor-top-column elementor-element elementor-element-882eadb\" data-id=\"882eadb\" data-element_type=\"column\">\n\t\t\t<div class=\"elementor-widget-wrap elementor-element-populated\">\n\t\t\t\t\t\t<div class=\"elementor-element elementor-element-49fdba82 elementor-pagination-position-outside overlay elementor--h-position-center elementor--v-position-middle elementor-widget elementor-widget-slides\" data-id=\"49fdba82\" data-element_type=\"widget\" data-settings=\"{&quot;navigation&quot;:&quot;dots&quot;,&quot;autoplay&quot;:&quot;yes&quot;,&quot;autoplay_speed&quot;:5000,&quot;infinite&quot;:&quot;yes&quot;,&quot;transition&quot;:&quot;slide&quot;,&quot;transition_speed&quot;:500}\" data-widget_type=\"slides.default\">\n\t\t\t\t<div class=\"elementor-widget-container\">\n\t\t\t\t\t\t\t\t\t<div class=\"elementor-swiper\">\n\t\t\t\t\t<div class=\"elementor-slides-wrapper elementor-main-swiper swiper\" role=\"region\" aria-roledescription=\"carousel\" aria-label=\"Diapositivas\" dir=\"ltr\" data-animation=\"fadeInUp\">\n\t\t\t\t<div class=\"swiper-wrapper elementor-slides\">\n\t\t\t\t\t\t\t\t\t\t<div class=\"elementor-repeater-item-198c708 swiper-slide\" role=\"group\" aria-roledescription=\"slide\"><div class=\"swiper-slide-bg\" role=\"img\" aria-label=\"MYTHOS_WINTER_de_3D-1200x600\"><\/div><div class=\"swiper-slide-inner\" ><div class=\"swiper-slide-contents\"><\/div><\/div><\/div><div class=\"elementor-repeater-item-476ebea swiper-slide\" role=\"group\" aria-roledescription=\"slide\"><div class=\"swiper-slide-bg\" role=\"img\" aria-label=\"buch2-1200x600\"><\/div><div class=\"swiper-slide-inner\" ><div class=\"swiper-slide-contents\"><\/div><\/div><\/div>\t\t\t\t<\/div>\n\t\t\t\t\t\t\t\t\t\t\t\t\t\t\t\t\t\t\t\t<div class=\"swiper-pagination\"><\/div>\n\t\t\t\t\t\t\t\t\t\t\t\t<\/div>\n\t\t\t\t<\/div>\n\t\t\t\t\t\t\t\t<\/div>\n\t\t\t\t<\/div>\n\t\t\t\t\t<\/div>\n\t\t<\/div>\n\t\t\t\t\t<\/div>\n\t\t<\/header>\n\t\t\t\t<main class=\"elementor-section elementor-top-section elementor-element elementor-element-49800b65 elementor-section-full_width elementor-section-height-default elementor-section-height-default\" data-id=\"49800b65\" data-element_type=\"section\">\n\t\t\t\t\t\t<div class=\"elementor-container elementor-column-gap-no\">\n\t\t\t\t\t<div class=\"elementor-column elementor-col-100 elementor-top-column elementor-element elementor-element-24b8edef\" data-id=\"24b8edef\" data-element_type=\"column\">\n\t\t\t<div class=\"elementor-widget-wrap elementor-element-populated\">\n\t\t\t\t\t\t<div class=\"elementor-element elementor-element-7b2375d9 elementor-widget elementor-widget-heading\" data-id=\"7b2375d9\" data-element_type=\"widget\" data-widget_type=\"heading.default\">\n\t\t\t\t<div class=\"elementor-widget-container\">\n\t\t\t\t\t<h1 class=\"elementor-heading-title elementor-size-default\">Tienda<\/h1>\t\t\t\t<\/div>\n\t\t\t\t<\/div>\n\t\t\t\t<div class=\"elementor-element elementor-element-44cdb5e5 elementor-widget elementor-widget-text-editor\" data-id=\"44cdb5e5\" data-element_type=\"widget\" data-widget_type=\"text-editor.default\">\n\t\t\t\t<div class=\"elementor-widget-container\">\n\t\t\t\t\t\t\t\t\t<p>Ficci\u00f3n &amp; hechos comprobados: En nuestra tienda encontrar\u00e1s ambas cosas.<br \/>\nLa novela titulada La Villa, de P.E. Dangelmaier, te narra la historia tal y como podr\u00eda haber ocurrido. Y nuestro libro de divulgaci\u00f3n WINTER \u2013 EL MITO te desvelar\u00e1 el verdadero secreto sobre Gustav Winter mediante un gran n\u00famero de fotos, documentos, mapas y planos\u2026<\/p>\n<p><strong>Para pagar Mythos Winter despu\u00e9s de la fecha de publicaci\u00f3n, no agregue ning\u00fan otro art\u00edculo al carrito de compras.<\/strong><\/p>\n\t\t\t\t\t\t\t\t<\/div>\n\t\t\t\t<\/div>\n\t\t\t\t\t<\/div>\n\t\t<\/div>\n\t\t\t\t\t<\/div>\n\t\t<\/main>\n\t\t\t\t<main class=\"elementor-section elementor-top-section elementor-element elementor-element-77685ac elementor-section-full_width elementor-section-height-default elementor-section-height-default\" data-id=\"77685ac\" data-element_type=\"section\">\n\t\t\t\t\t\t<div class=\"elementor-container elementor-column-gap-no\">\n\t\t\t\t\t<div class=\"elementor-column elementor-col-100 elementor-top-column elementor-element elementor-element-31e2d65\" data-id=\"31e2d65\" data-element_type=\"column\">\n\t\t\t<div class=\"elementor-widget-wrap elementor-element-populated\">\n\t\t\t\t\t\t<section class=\"elementor-section elementor-inner-section elementor-element elementor-element-55aeef2 elementor-section-full_width elementor-section-height-default elementor-section-height-default\" data-id=\"55aeef2\" data-element_type=\"section\">\n\t\t\t\t\t\t<div class=\"elementor-container elementor-column-gap-default\">\n\t\t\t\t\t<div class=\"elementor-column elementor-col-25 elementor-inner-column elementor-element elementor-element-2d281eb\" data-id=\"2d281eb\" data-element_type=\"column\">\n\t\t\t<div class=\"elementor-widget-wrap elementor-element-populated\">\n\t\t\t\t\t\t<div class=\"elementor-element elementor-element-173d1e9 elementor-widget elementor-widget-image\" data-id=\"173d1e9\" data-element_type=\"widget\" data-widget_type=\"image.default\">\n\t\t\t\t<div class=\"elementor-widget-container\">\n\t\t\t\t\t\t\t\t\t\t\t\t\t\t\t\t<a href=\"https:\/\/villawinter.com\/es\/?p=662\">\n\t\t\t\t\t\t\t<img fetchpriority=\"high\" decoding=\"async\" width=\"800\" height=\"690\" src=\"data:image\/gif;base64,R0lGODlhAQABAIAAAAAAAP\/\/\/yH5BAEAAAAALAAAAAABAAEAAAIBRAA7\" data-src=\"https:\/\/villawinter.com\/wp-content\/uploads\/2021\/06\/MYTHOS_WINTER_de_3D.jpg\" class=\"attachment-large size-large wp-image-706 lazyload\" alt=\"\" data-srcset=\"https:\/\/villawinter.com\/wp-content\/uploads\/2021\/06\/MYTHOS_WINTER_de_3D.jpg 1000w, https:\/\/villawinter.com\/wp-content\/uploads\/2021\/06\/MYTHOS_WINTER_de_3D-600x518.jpg 600w, https:\/\/villawinter.com\/wp-content\/uploads\/2021\/06\/MYTHOS_WINTER_de_3D-300x259.jpg 300w, https:\/\/villawinter.com\/wp-content\/uploads\/2021\/06\/MYTHOS_WINTER_de_3D-768x663.jpg 768w\" sizes=\"(max-width: 800px) 100vw, 800px\" \/><noscript><img decoding=\"async\" width=\"800\" height=\"690\" src=\"https:\/\/villawinter.com\/wp-content\/uploads\/2021\/06\/MYTHOS_WINTER_de_3D.jpg\" class=\"attachment-large size-large wp-image-706 lazyload\" alt=\"\" srcset=\"https:\/\/villawinter.com\/wp-content\/uploads\/2021\/06\/MYTHOS_WINTER_de_3D.jpg 1000w, https:\/\/villawinter.com\/wp-content\/uploads\/2021\/06\/MYTHOS_WINTER_de_3D-600x518.jpg 600w, https:\/\/villawinter.com\/wp-content\/uploads\/2021\/06\/MYTHOS_WINTER_de_3D-300x259.jpg 300w, https:\/\/villawinter.com\/wp-content\/uploads\/2021\/06\/MYTHOS_WINTER_de_3D-768x663.jpg 768w\" sizes=\"(max-width: 800px) 100vw, 800px\" \/><\/noscript>\t\t\t\t\t\t\t\t<\/a>\n\t\t\t\t\t\t\t\t\t\t\t\t\t\t\t<\/div>\n\t\t\t\t<\/div>\n\t\t\t\t<div class=\"elementor-element elementor-element-ded2680 elementor-widget elementor-widget-heading\" data-id=\"ded2680\" data-element_type=\"widget\" data-widget_type=\"heading.default\">\n\t\t\t\t<div class=\"elementor-widget-container\">\n\t\t\t\t\t<h2 class=\"elementor-heading-title elementor-size-default\">MYTHOS WINTER | Alex M. Peer<\/h2>\t\t\t\t<\/div>\n\t\t\t\t<\/div>\n\t\t\t\t<div class=\"elementor-element elementor-element-17b0114 elementor-widget elementor-widget-heading\" data-id=\"17b0114\" data-element_type=\"widget\" data-widget_type=\"heading.default\">\n\t\t\t\t<div class=\"elementor-widget-container\">\n\t\t\t\t\t<h2 class=\"elementor-heading-title elementor-size-default\">\u20ac 29,99<\/h2>\t\t\t\t<\/div>\n\t\t\t\t<\/div>\n\t\t\t\t\t<\/div>\n\t\t<\/div>\n\t\t\t\t<div class=\"elementor-column elementor-col-25 elementor-inner-column elementor-element elementor-element-df8efc8\" data-id=\"df8efc8\" data-element_type=\"column\">\n\t\t\t<div class=\"elementor-widget-wrap elementor-element-populated\">\n\t\t\t\t\t\t<div class=\"elementor-element elementor-element-e5e6a85 elementor-widget elementor-widget-image\" data-id=\"e5e6a85\" data-element_type=\"widget\" data-widget_type=\"image.default\">\n\t\t\t\t<div class=\"elementor-widget-container\">\n\t\t\t\t\t\t\t\t\t\t\t\t\t\t\t\t<a href=\"https:\/\/villawinter.com\/es\/?p=676\">\n\t\t\t\t\t\t\t<img decoding=\"async\" width=\"800\" height=\"690\" src=\"data:image\/gif;base64,R0lGODlhAQABAIAAAAAAAP\/\/\/yH5BAEAAAAALAAAAAABAAEAAAIBRAA7\" data-src=\"https:\/\/villawinter.com\/wp-content\/uploads\/2021\/06\/MYTHOS_WINTER_en_3D.jpg\" class=\"attachment-large size-large wp-image-709 lazyload\" alt=\"\" data-srcset=\"https:\/\/villawinter.com\/wp-content\/uploads\/2021\/06\/MYTHOS_WINTER_en_3D.jpg 1000w, https:\/\/villawinter.com\/wp-content\/uploads\/2021\/06\/MYTHOS_WINTER_en_3D-600x518.jpg 600w, https:\/\/villawinter.com\/wp-content\/uploads\/2021\/06\/MYTHOS_WINTER_en_3D-300x259.jpg 300w, https:\/\/villawinter.com\/wp-content\/uploads\/2021\/06\/MYTHOS_WINTER_en_3D-768x663.jpg 768w\" sizes=\"(max-width: 800px) 100vw, 800px\" \/><noscript><img loading=\"lazy\" decoding=\"async\" width=\"800\" height=\"690\" src=\"https:\/\/villawinter.com\/wp-content\/uploads\/2021\/06\/MYTHOS_WINTER_en_3D.jpg\" class=\"attachment-large size-large wp-image-709 lazyload\" alt=\"\" srcset=\"https:\/\/villawinter.com\/wp-content\/uploads\/2021\/06\/MYTHOS_WINTER_en_3D.jpg 1000w, https:\/\/villawinter.com\/wp-content\/uploads\/2021\/06\/MYTHOS_WINTER_en_3D-600x518.jpg 600w, https:\/\/villawinter.com\/wp-content\/uploads\/2021\/06\/MYTHOS_WINTER_en_3D-300x259.jpg 300w, https:\/\/villawinter.com\/wp-content\/uploads\/2021\/06\/MYTHOS_WINTER_en_3D-768x663.jpg 768w\" sizes=\"(max-width: 800px) 100vw, 800px\" \/><\/noscript>\t\t\t\t\t\t\t\t<\/a>\n\t\t\t\t\t\t\t\t\t\t\t\t\t\t\t<\/div>\n\t\t\t\t<\/div>\n\t\t\t\t<div class=\"elementor-element elementor-element-b3a5f97 elementor-widget elementor-widget-heading\" data-id=\"b3a5f97\" data-element_type=\"widget\" data-widget_type=\"heading.default\">\n\t\t\t\t<div class=\"elementor-widget-container\">\n\t\t\t\t\t<h2 class=\"elementor-heading-title elementor-size-default\">WINTER THE MYTH | Alex M. Peer<\/h2>\t\t\t\t<\/div>\n\t\t\t\t<\/div>\n\t\t\t\t<div class=\"elementor-element elementor-element-5694420 elementor-widget elementor-widget-heading\" data-id=\"5694420\" data-element_type=\"widget\" data-widget_type=\"heading.default\">\n\t\t\t\t<div class=\"elementor-widget-container\">\n\t\t\t\t\t<h2 class=\"elementor-heading-title elementor-size-default\">\u20ac 29,99<\/h2>\t\t\t\t<\/div>\n\t\t\t\t<\/div>\n\t\t\t\t\t<\/div>\n\t\t<\/div>\n\t\t\t\t<div class=\"elementor-column elementor-col-25 elementor-inner-column elementor-element elementor-element-4f74558\" data-id=\"4f74558\" data-element_type=\"column\">\n\t\t\t<div class=\"elementor-widget-wrap elementor-element-populated\">\n\t\t\t\t\t\t<div class=\"elementor-element elementor-element-c105c5f elementor-widget elementor-widget-image\" data-id=\"c105c5f\" data-element_type=\"widget\" data-widget_type=\"image.default\">\n\t\t\t\t<div class=\"elementor-widget-container\">\n\t\t\t\t\t\t\t\t\t\t\t\t\t\t\t\t<a href=\"https:\/\/villawinter.com\/es\/?p=680\">\n\t\t\t\t\t\t\t<img loading=\"lazy\" decoding=\"async\" width=\"800\" height=\"690\" src=\"data:image\/gif;base64,R0lGODlhAQABAIAAAAAAAP\/\/\/yH5BAEAAAAALAAAAAABAAEAAAIBRAA7\" data-src=\"https:\/\/villawinter.com\/wp-content\/uploads\/2021\/06\/MYTHOS_WINTER_es_3D.jpg\" class=\"attachment-large size-large wp-image-712 lazyload\" alt=\"\" data-srcset=\"https:\/\/villawinter.com\/wp-content\/uploads\/2021\/06\/MYTHOS_WINTER_es_3D.jpg 1000w, https:\/\/villawinter.com\/wp-content\/uploads\/2021\/06\/MYTHOS_WINTER_es_3D-600x518.jpg 600w, https:\/\/villawinter.com\/wp-content\/uploads\/2021\/06\/MYTHOS_WINTER_es_3D-300x259.jpg 300w, https:\/\/villawinter.com\/wp-content\/uploads\/2021\/06\/MYTHOS_WINTER_es_3D-768x663.jpg 768w\" sizes=\"(max-width: 800px) 100vw, 800px\" \/><noscript><img loading=\"lazy\" decoding=\"async\" width=\"800\" height=\"690\" src=\"https:\/\/villawinter.com\/wp-content\/uploads\/2021\/06\/MYTHOS_WINTER_es_3D.jpg\" class=\"attachment-large size-large wp-image-712 lazyload\" alt=\"\" srcset=\"https:\/\/villawinter.com\/wp-content\/uploads\/2021\/06\/MYTHOS_WINTER_es_3D.jpg 1000w, https:\/\/villawinter.com\/wp-content\/uploads\/2021\/06\/MYTHOS_WINTER_es_3D-600x518.jpg 600w, https:\/\/villawinter.com\/wp-content\/uploads\/2021\/06\/MYTHOS_WINTER_es_3D-300x259.jpg 300w, https:\/\/villawinter.com\/wp-content\/uploads\/2021\/06\/MYTHOS_WINTER_es_3D-768x663.jpg 768w\" sizes=\"(max-width: 800px) 100vw, 800px\" \/><\/noscript>\t\t\t\t\t\t\t\t<\/a>\n\t\t\t\t\t\t\t\t\t\t\t\t\t\t\t<\/div>\n\t\t\t\t<\/div>\n\t\t\t\t<div class=\"elementor-element elementor-element-07dea3a elementor-widget elementor-widget-heading\" data-id=\"07dea3a\" data-element_type=\"widget\" data-widget_type=\"heading.default\">\n\t\t\t\t<div class=\"elementor-widget-container\">\n\t\t\t\t\t<h2 class=\"elementor-heading-title elementor-size-default\">WINTER-EL MITO (Edici\u00f3n en castellano) | Alex M. Peer<\/h2>\t\t\t\t<\/div>\n\t\t\t\t<\/div>\n\t\t\t\t<div class=\"elementor-element elementor-element-1d969ac elementor-widget elementor-widget-heading\" data-id=\"1d969ac\" data-element_type=\"widget\" data-widget_type=\"heading.default\">\n\t\t\t\t<div class=\"elementor-widget-container\">\n\t\t\t\t\t<h2 class=\"elementor-heading-title elementor-size-default\">\u20ac 29,99<\/h2>\t\t\t\t<\/div>\n\t\t\t\t<\/div>\n\t\t\t\t\t<\/div>\n\t\t<\/div>\n\t\t\t\t<div class=\"elementor-column elementor-col-25 elementor-inner-column elementor-element elementor-element-ce1e922\" data-id=\"ce1e922\" data-element_type=\"column\">\n\t\t\t<div class=\"elementor-widget-wrap elementor-element-populated\">\n\t\t\t\t\t\t<div class=\"elementor-element elementor-element-d64a163 elementor-widget elementor-widget-image\" data-id=\"d64a163\" data-element_type=\"widget\" data-widget_type=\"image.default\">\n\t\t\t\t<div class=\"elementor-widget-container\">\n\t\t\t\t\t\t\t\t\t\t\t\t\t\t\t\t<a href=\"https:\/\/villawinter.com\/es\/?p=635\">\n\t\t\t\t\t\t\t<img loading=\"lazy\" decoding=\"async\" width=\"310\" height=\"444\" src=\"data:image\/gif;base64,R0lGODlhAQABAIAAAAAAAP\/\/\/yH5BAEAAAAALAAAAAABAAEAAAIBRAA7\" data-src=\"https:\/\/villawinter.com\/wp-content\/uploads\/2021\/06\/41QDhFvTPGL._SX309_BO1204203200_-e1519499459828.jpg\" class=\"attachment-large size-large wp-image-638 lazyload\" alt=\"\" data-srcset=\"https:\/\/villawinter.com\/wp-content\/uploads\/2021\/06\/41QDhFvTPGL._SX309_BO1204203200_-e1519499459828.jpg 310w, https:\/\/villawinter.com\/wp-content\/uploads\/2021\/06\/41QDhFvTPGL._SX309_BO1204203200_-e1519499459828-209x300.jpg 209w\" sizes=\"(max-width: 310px) 100vw, 310px\" \/><noscript><img loading=\"lazy\" decoding=\"async\" width=\"310\" height=\"444\" src=\"https:\/\/villawinter.com\/wp-content\/uploads\/2021\/06\/41QDhFvTPGL._SX309_BO1204203200_-e1519499459828.jpg\" class=\"attachment-large size-large wp-image-638 lazyload\" alt=\"\" srcset=\"https:\/\/villawinter.com\/wp-content\/uploads\/2021\/06\/41QDhFvTPGL._SX309_BO1204203200_-e1519499459828.jpg 310w, https:\/\/villawinter.com\/wp-content\/uploads\/2021\/06\/41QDhFvTPGL._SX309_BO1204203200_-e1519499459828-209x300.jpg 209w\" sizes=\"(max-width: 310px) 100vw, 310px\" \/><\/noscript>\t\t\t\t\t\t\t\t<\/a>\n\t\t\t\t\t\t\t\t\t\t\t\t\t\t\t<\/div>\n\t\t\t\t<\/div>\n\t\t\t\t<div class=\"elementor-element elementor-element-1d1b3f0 elementor-widget elementor-widget-heading\" data-id=\"1d1b3f0\" data-element_type=\"widget\" data-widget_type=\"heading.default\">\n\t\t\t\t<div class=\"elementor-widget-container\">\n\t\t\t\t\t<h2 class=\"elementor-heading-title elementor-size-default\">DIE VILLA | P.E. Dangelmaier<\/h2>\t\t\t\t<\/div>\n\t\t\t\t<\/div>\n\t\t\t\t<div class=\"elementor-element elementor-element-641ee4e elementor-widget elementor-widget-heading\" data-id=\"641ee4e\" data-element_type=\"widget\" data-widget_type=\"heading.default\">\n\t\t\t\t<div class=\"elementor-widget-container\">\n\t\t\t\t\t<h2 class=\"elementor-heading-title elementor-size-default\">\u20ac 14,98<\/h2>\t\t\t\t<\/div>\n\t\t\t\t<\/div>\n\t\t\t\t\t<\/div>\n\t\t<\/div>\n\t\t\t\t\t<\/div>\n\t\t<\/section>\n\t\t\t\t\t<\/div>\n\t\t<\/div>\n\t\t\t\t\t<\/div>\n\t\t<\/main>\n\t\t\t\t<\/div>\n\t\t","protected":false},"excerpt":{"rendered":"<p>Tienda Ficci\u00f3n &amp; hechos comprobados: En nuestra tienda encontrar\u00e1s ambas cosas. La novela titulada La Villa, de P.E. Dangelmaier, te narra la historia tal y como podr\u00eda haber ocurrido. Y nuestro libro de divulgaci\u00f3n WINTER \u2013 EL MITO te desvelar\u00e1 el verdadero secreto sobre Gustav Winter mediante un gran n\u00famero de fotos, documentos, mapas y [&hellip;]<\/p>\n","protected":false},"author":2,"featured_media":0,"parent":0,"menu_order":0,"comment_status":"closed","ping_status":"closed","template":"elementor_header_footer","meta":{"footnotes":""},"class_list":["post-717","page","type-page","status-publish","hentry"],"_links":{"self":[{"href":"https:\/\/villawinter.com\/es\/wp-json\/wp\/v2\/pages\/717","targetHints":{"allow":["GET"]}}],"collection":[{"href":"https:\/\/villawinter.com\/es\/wp-json\/wp\/v2\/pages"}],"about":[{"href":"https:\/\/villawinter.com\/es\/wp-json\/wp\/v2\/types\/page"}],"author":[{"embeddable":true,"href":"https:\/\/villawinter.com\/es\/wp-json\/wp\/v2\/users\/2"}],"replies":[{"embeddable":true,"href":"https:\/\/villawinter.com\/es\/wp-json\/wp\/v2\/comments?post=717"}],"version-history":[{"count":1,"href":"https:\/\/villawinter.com\/es\/wp-json\/wp\/v2\/pages\/717\/revisions"}],"predecessor-version":[{"id":718,"href":"https:\/\/villawinter.com\/es\/wp-json\/wp\/v2\/pages\/717\/revisions\/718"}],"wp:attachment":[{"href":"https:\/\/villawinter.com\/es\/wp-json\/wp\/v2\/media?parent=717"}],"curies":[{"name":"wp","href":"https:\/\/api.w.org\/{rel}","templated":true}]}}