{"id":813,"date":"2021-06-25T10:40:17","date_gmt":"2021-06-25T10:40:17","guid":{"rendered":"https:\/\/villawinter.com\/es-shop\/"},"modified":"2022-11-22T08:32:57","modified_gmt":"2022-11-22T08:32:57","slug":"es-shop","status":"publish","type":"page","link":"https:\/\/villawinter.com\/es\/es-shop\/","title":{"rendered":"ES Shop"},"content":{"rendered":"\t\t<div data-elementor-type=\"wp-page\" data-elementor-id=\"813\" class=\"elementor elementor-813 elementor-804\" data-elementor-post-type=\"page\">\n\t\t\t\t\t\t<header class=\"elementor-section elementor-top-section elementor-element elementor-element-014b939 elementor-section-full_width elementor-section-height-min-height elementor-section-height-default elementor-section-items-middle\" data-id=\"014b939\" data-element_type=\"section\">\n\t\t\t\t\t\t<div class=\"elementor-container elementor-column-gap-no\">\n\t\t\t\t\t<div class=\"elementor-column elementor-col-100 elementor-top-column elementor-element elementor-element-fe974c7\" data-id=\"fe974c7\" data-element_type=\"column\">\n\t\t\t<div class=\"elementor-widget-wrap elementor-element-populated\">\n\t\t\t\t\t\t<div class=\"elementor-element elementor-element-2e1410e elementor-pagination-position-outside overlay elementor--h-position-center elementor--v-position-middle elementor-widget elementor-widget-slides\" data-id=\"2e1410e\" data-element_type=\"widget\" data-settings=\"{&quot;navigation&quot;:&quot;dots&quot;,&quot;autoplay&quot;:&quot;yes&quot;,&quot;autoplay_speed&quot;:5000,&quot;infinite&quot;:&quot;yes&quot;,&quot;transition&quot;:&quot;slide&quot;,&quot;transition_speed&quot;:500}\" data-widget_type=\"slides.default\">\n\t\t\t\t<div class=\"elementor-widget-container\">\n\t\t\t\t\t\t\t\t\t<div class=\"elementor-swiper\">\n\t\t\t\t\t<div class=\"elementor-slides-wrapper elementor-main-swiper swiper\" role=\"region\" aria-roledescription=\"carousel\" aria-label=\"Diapositivas\" dir=\"ltr\" data-animation=\"fadeInUp\">\n\t\t\t\t<div class=\"swiper-wrapper elementor-slides\">\n\t\t\t\t\t\t\t\t\t\t<div class=\"elementor-repeater-item-198c708 swiper-slide\" role=\"group\" aria-roledescription=\"slide\"><div class=\"swiper-slide-bg\" role=\"img\" aria-label=\"MYTHOS_WINTER_de_3D-1200x600\"><\/div><div class=\"swiper-slide-inner\" ><div class=\"swiper-slide-contents\"><\/div><\/div><\/div><div class=\"elementor-repeater-item-476ebea swiper-slide\" role=\"group\" aria-roledescription=\"slide\"><div class=\"swiper-slide-bg\" role=\"img\" aria-label=\"buch2-1200x600\"><\/div><div class=\"swiper-slide-inner\" ><div class=\"swiper-slide-contents\"><\/div><\/div><\/div>\t\t\t\t<\/div>\n\t\t\t\t\t\t\t\t\t\t\t\t\t\t\t\t\t\t\t\t<div class=\"swiper-pagination\"><\/div>\n\t\t\t\t\t\t\t\t\t\t\t\t<\/div>\n\t\t\t\t<\/div>\n\t\t\t\t\t\t\t\t<\/div>\n\t\t\t\t<\/div>\n\t\t\t\t\t<\/div>\n\t\t<\/div>\n\t\t\t\t\t<\/div>\n\t\t<\/header>\n\t\t\t\t<main class=\"elementor-section elementor-top-section elementor-element elementor-element-31e7968 elementor-section-full_width elementor-section-height-default elementor-section-height-default\" data-id=\"31e7968\" data-element_type=\"section\">\n\t\t\t\t\t\t<div class=\"elementor-container elementor-column-gap-no\">\n\t\t\t\t\t<div class=\"elementor-column elementor-col-100 elementor-top-column elementor-element elementor-element-d6bedd9\" data-id=\"d6bedd9\" data-element_type=\"column\">\n\t\t\t<div class=\"elementor-widget-wrap elementor-element-populated\">\n\t\t\t\t\t\t<div class=\"elementor-element elementor-element-ed3321a elementor-widget elementor-widget-heading\" data-id=\"ed3321a\" data-element_type=\"widget\" data-widget_type=\"heading.default\">\n\t\t\t\t<div class=\"elementor-widget-container\">\n\t\t\t\t\t<h1 class=\"elementor-heading-title elementor-size-default\">Tienda<\/h1>\t\t\t\t<\/div>\n\t\t\t\t<\/div>\n\t\t\t\t<div class=\"elementor-element elementor-element-66ddbbc elementor-widget elementor-widget-text-editor\" data-id=\"66ddbbc\" data-element_type=\"widget\" data-widget_type=\"text-editor.default\">\n\t\t\t\t<div class=\"elementor-widget-container\">\n\t\t\t\t\t\t\t\t\tFicci\u00f3n &#038; hechos comprobados: En nuestra tienda encontrar\u00e1s ambas cosas.\r\nLa novela titulada La Villa, de P.E. Dangelmaier, te narra la historia tal y como podr\u00eda haber ocurrido. Y nuestro libro de divulgaci\u00f3n WINTER \u2013 EL MITO te desvelar\u00e1 el verdadero secreto sobre Gustav Winter mediante un gran n\u00famero de fotos, documentos, mapas y planos\u2026\r\n<p> <strong> Para pagar Mythos Winter despu\u00e9s de la fecha de publicaci\u00f3n, no agregue ning\u00fan otro art\u00edculo al carrito de compras. <\/strong> <\/p>\t\t\t\t\t\t\t\t<\/div>\n\t\t\t\t<\/div>\n\t\t\t\t\t<\/div>\n\t\t<\/div>\n\t\t\t\t\t<\/div>\n\t\t<\/main>\n\t\t\t\t<main class=\"elementor-section elementor-top-section elementor-element elementor-element-5feb6cf elementor-section-full_width elementor-section-height-default elementor-section-height-default\" data-id=\"5feb6cf\" data-element_type=\"section\">\n\t\t\t\t\t\t<div class=\"elementor-container elementor-column-gap-no\">\n\t\t\t\t\t<div class=\"elementor-column elementor-col-100 elementor-top-column elementor-element elementor-element-f94a67d\" data-id=\"f94a67d\" data-element_type=\"column\">\n\t\t\t<div class=\"elementor-widget-wrap elementor-element-populated\">\n\t\t\t\t\t\t<section class=\"elementor-section elementor-inner-section elementor-element elementor-element-26648d0 elementor-section-full_width elementor-section-height-default elementor-section-height-default\" data-id=\"26648d0\" data-element_type=\"section\">\n\t\t\t\t\t\t<div class=\"elementor-container elementor-column-gap-default\">\n\t\t\t\t\t<div class=\"elementor-column elementor-col-25 elementor-inner-column elementor-element elementor-element-12339da\" data-id=\"12339da\" data-element_type=\"column\">\n\t\t\t<div class=\"elementor-widget-wrap elementor-element-populated\">\n\t\t\t\t\t\t<div class=\"elementor-element elementor-element-61b5420 elementor-widget elementor-widget-image\" data-id=\"61b5420\" data-element_type=\"widget\" data-widget_type=\"image.default\">\n\t\t\t\t<div class=\"elementor-widget-container\">\n\t\t\t\t\t\t\t\t\t\t\t\t\t\t\t\t<a href=\"https:\/\/villawinter.com\/es\/?p=662\">\n\t\t\t\t\t\t\t<img fetchpriority=\"high\" decoding=\"async\" width=\"800\" height=\"690\" src=\"data:image\/gif;base64,R0lGODlhAQABAIAAAAAAAP\/\/\/yH5BAEAAAAALAAAAAABAAEAAAIBRAA7\" data-src=\"https:\/\/villawinter.com\/wp-content\/uploads\/2021\/06\/MYTHOS_WINTER_de_3D.jpg\" class=\"attachment-large size-large wp-image-706 lazyload\" alt=\"\" data-srcset=\"https:\/\/villawinter.com\/wp-content\/uploads\/2021\/06\/MYTHOS_WINTER_de_3D.jpg 1000w, https:\/\/villawinter.com\/wp-content\/uploads\/2021\/06\/MYTHOS_WINTER_de_3D-600x518.jpg 600w, https:\/\/villawinter.com\/wp-content\/uploads\/2021\/06\/MYTHOS_WINTER_de_3D-300x259.jpg 300w, https:\/\/villawinter.com\/wp-content\/uploads\/2021\/06\/MYTHOS_WINTER_de_3D-768x663.jpg 768w\" sizes=\"(max-width: 800px) 100vw, 800px\" \/><noscript><img decoding=\"async\" width=\"800\" height=\"690\" src=\"https:\/\/villawinter.com\/wp-content\/uploads\/2021\/06\/MYTHOS_WINTER_de_3D.jpg\" class=\"attachment-large size-large wp-image-706 lazyload\" alt=\"\" srcset=\"https:\/\/villawinter.com\/wp-content\/uploads\/2021\/06\/MYTHOS_WINTER_de_3D.jpg 1000w, https:\/\/villawinter.com\/wp-content\/uploads\/2021\/06\/MYTHOS_WINTER_de_3D-600x518.jpg 600w, https:\/\/villawinter.com\/wp-content\/uploads\/2021\/06\/MYTHOS_WINTER_de_3D-300x259.jpg 300w, https:\/\/villawinter.com\/wp-content\/uploads\/2021\/06\/MYTHOS_WINTER_de_3D-768x663.jpg 768w\" sizes=\"(max-width: 800px) 100vw, 800px\" \/><\/noscript>\t\t\t\t\t\t\t\t<\/a>\n\t\t\t\t\t\t\t\t\t\t\t\t\t\t\t<\/div>\n\t\t\t\t<\/div>\n\t\t\t\t<div class=\"elementor-element elementor-element-3960bc6 elementor-widget elementor-widget-heading\" data-id=\"3960bc6\" data-element_type=\"widget\" data-widget_type=\"heading.default\">\n\t\t\t\t<div class=\"elementor-widget-container\">\n\t\t\t\t\t<h2 class=\"elementor-heading-title elementor-size-default\">MYTHOS WINTER | Alex M. Peer<\/h2>\t\t\t\t<\/div>\n\t\t\t\t<\/div>\n\t\t\t\t<div class=\"elementor-element elementor-element-deeff85 elementor-widget elementor-widget-heading\" data-id=\"deeff85\" data-element_type=\"widget\" data-widget_type=\"heading.default\">\n\t\t\t\t<div class=\"elementor-widget-container\">\n\t\t\t\t\t<h2 class=\"elementor-heading-title elementor-size-default\">\u20ac 29,90<\/h2>\t\t\t\t<\/div>\n\t\t\t\t<\/div>\n\t\t\t\t\t<\/div>\n\t\t<\/div>\n\t\t\t\t<div class=\"elementor-column elementor-col-25 elementor-inner-column elementor-element elementor-element-a8a2350\" data-id=\"a8a2350\" data-element_type=\"column\">\n\t\t\t<div class=\"elementor-widget-wrap elementor-element-populated\">\n\t\t\t\t\t\t<div class=\"elementor-element elementor-element-46965ef elementor-widget elementor-widget-image\" data-id=\"46965ef\" data-element_type=\"widget\" data-widget_type=\"image.default\">\n\t\t\t\t<div class=\"elementor-widget-container\">\n\t\t\t\t\t\t\t\t\t\t\t\t\t\t\t\t<a href=\"https:\/\/villawinter.com\/es\/?p=676\">\n\t\t\t\t\t\t\t<img decoding=\"async\" width=\"800\" height=\"690\" src=\"data:image\/gif;base64,R0lGODlhAQABAIAAAAAAAP\/\/\/yH5BAEAAAAALAAAAAABAAEAAAIBRAA7\" data-src=\"https:\/\/villawinter.com\/wp-content\/uploads\/2021\/06\/MYTHOS_WINTER_en_3D.jpg\" class=\"attachment-large size-large wp-image-709 lazyload\" alt=\"\" data-srcset=\"https:\/\/villawinter.com\/wp-content\/uploads\/2021\/06\/MYTHOS_WINTER_en_3D.jpg 1000w, https:\/\/villawinter.com\/wp-content\/uploads\/2021\/06\/MYTHOS_WINTER_en_3D-600x518.jpg 600w, https:\/\/villawinter.com\/wp-content\/uploads\/2021\/06\/MYTHOS_WINTER_en_3D-300x259.jpg 300w, https:\/\/villawinter.com\/wp-content\/uploads\/2021\/06\/MYTHOS_WINTER_en_3D-768x663.jpg 768w\" sizes=\"(max-width: 800px) 100vw, 800px\" \/><noscript><img loading=\"lazy\" decoding=\"async\" width=\"800\" height=\"690\" src=\"https:\/\/villawinter.com\/wp-content\/uploads\/2021\/06\/MYTHOS_WINTER_en_3D.jpg\" class=\"attachment-large size-large wp-image-709 lazyload\" alt=\"\" srcset=\"https:\/\/villawinter.com\/wp-content\/uploads\/2021\/06\/MYTHOS_WINTER_en_3D.jpg 1000w, https:\/\/villawinter.com\/wp-content\/uploads\/2021\/06\/MYTHOS_WINTER_en_3D-600x518.jpg 600w, https:\/\/villawinter.com\/wp-content\/uploads\/2021\/06\/MYTHOS_WINTER_en_3D-300x259.jpg 300w, https:\/\/villawinter.com\/wp-content\/uploads\/2021\/06\/MYTHOS_WINTER_en_3D-768x663.jpg 768w\" sizes=\"(max-width: 800px) 100vw, 800px\" \/><\/noscript>\t\t\t\t\t\t\t\t<\/a>\n\t\t\t\t\t\t\t\t\t\t\t\t\t\t\t<\/div>\n\t\t\t\t<\/div>\n\t\t\t\t<div class=\"elementor-element elementor-element-1bc276a elementor-widget elementor-widget-heading\" data-id=\"1bc276a\" data-element_type=\"widget\" data-widget_type=\"heading.default\">\n\t\t\t\t<div class=\"elementor-widget-container\">\n\t\t\t\t\t<h2 class=\"elementor-heading-title elementor-size-default\">WINTER THE MYTH | Alex M. Peer<\/h2>\t\t\t\t<\/div>\n\t\t\t\t<\/div>\n\t\t\t\t<div class=\"elementor-element elementor-element-56473fb elementor-widget elementor-widget-heading\" data-id=\"56473fb\" data-element_type=\"widget\" data-widget_type=\"heading.default\">\n\t\t\t\t<div class=\"elementor-widget-container\">\n\t\t\t\t\t<h2 class=\"elementor-heading-title elementor-size-default\">\u20ac 29,90<\/h2>\t\t\t\t<\/div>\n\t\t\t\t<\/div>\n\t\t\t\t\t<\/div>\n\t\t<\/div>\n\t\t\t\t<div class=\"elementor-column elementor-col-25 elementor-inner-column elementor-element elementor-element-979c560\" data-id=\"979c560\" data-element_type=\"column\">\n\t\t\t<div class=\"elementor-widget-wrap elementor-element-populated\">\n\t\t\t\t\t\t<div class=\"elementor-element elementor-element-7dbdbfe elementor-widget elementor-widget-image\" data-id=\"7dbdbfe\" data-element_type=\"widget\" data-widget_type=\"image.default\">\n\t\t\t\t<div class=\"elementor-widget-container\">\n\t\t\t\t\t\t\t\t\t\t\t\t\t\t\t\t<a href=\"https:\/\/villawinter.com\/es\/?p=680\">\n\t\t\t\t\t\t\t<img loading=\"lazy\" decoding=\"async\" width=\"800\" height=\"690\" src=\"data:image\/gif;base64,R0lGODlhAQABAIAAAAAAAP\/\/\/yH5BAEAAAAALAAAAAABAAEAAAIBRAA7\" data-src=\"https:\/\/villawinter.com\/wp-content\/uploads\/2021\/06\/MYTHOS_WINTER_es_3D.jpg\" class=\"attachment-large size-large wp-image-712 lazyload\" alt=\"\" data-srcset=\"https:\/\/villawinter.com\/wp-content\/uploads\/2021\/06\/MYTHOS_WINTER_es_3D.jpg 1000w, https:\/\/villawinter.com\/wp-content\/uploads\/2021\/06\/MYTHOS_WINTER_es_3D-600x518.jpg 600w, https:\/\/villawinter.com\/wp-content\/uploads\/2021\/06\/MYTHOS_WINTER_es_3D-300x259.jpg 300w, https:\/\/villawinter.com\/wp-content\/uploads\/2021\/06\/MYTHOS_WINTER_es_3D-768x663.jpg 768w\" sizes=\"(max-width: 800px) 100vw, 800px\" \/><noscript><img loading=\"lazy\" decoding=\"async\" width=\"800\" height=\"690\" src=\"https:\/\/villawinter.com\/wp-content\/uploads\/2021\/06\/MYTHOS_WINTER_es_3D.jpg\" class=\"attachment-large size-large wp-image-712 lazyload\" alt=\"\" srcset=\"https:\/\/villawinter.com\/wp-content\/uploads\/2021\/06\/MYTHOS_WINTER_es_3D.jpg 1000w, https:\/\/villawinter.com\/wp-content\/uploads\/2021\/06\/MYTHOS_WINTER_es_3D-600x518.jpg 600w, https:\/\/villawinter.com\/wp-content\/uploads\/2021\/06\/MYTHOS_WINTER_es_3D-300x259.jpg 300w, https:\/\/villawinter.com\/wp-content\/uploads\/2021\/06\/MYTHOS_WINTER_es_3D-768x663.jpg 768w\" sizes=\"(max-width: 800px) 100vw, 800px\" \/><\/noscript>\t\t\t\t\t\t\t\t<\/a>\n\t\t\t\t\t\t\t\t\t\t\t\t\t\t\t<\/div>\n\t\t\t\t<\/div>\n\t\t\t\t<div class=\"elementor-element elementor-element-e800a8c elementor-widget elementor-widget-heading\" data-id=\"e800a8c\" data-element_type=\"widget\" data-widget_type=\"heading.default\">\n\t\t\t\t<div class=\"elementor-widget-container\">\n\t\t\t\t\t<h2 class=\"elementor-heading-title elementor-size-default\">WINTER-EL MITO (Edici\u00f3n en castellano) | Alex M. Peer<\/h2>\t\t\t\t<\/div>\n\t\t\t\t<\/div>\n\t\t\t\t<div class=\"elementor-element elementor-element-3bb8562 elementor-widget elementor-widget-heading\" data-id=\"3bb8562\" data-element_type=\"widget\" data-widget_type=\"heading.default\">\n\t\t\t\t<div class=\"elementor-widget-container\">\n\t\t\t\t\t<h2 class=\"elementor-heading-title elementor-size-default\">\u20ac 29,90<\/h2>\t\t\t\t<\/div>\n\t\t\t\t<\/div>\n\t\t\t\t\t<\/div>\n\t\t<\/div>\n\t\t\t\t<div class=\"elementor-column elementor-col-25 elementor-inner-column elementor-element elementor-element-8ed0185\" data-id=\"8ed0185\" data-element_type=\"column\">\n\t\t\t<div class=\"elementor-widget-wrap elementor-element-populated\">\n\t\t\t\t\t\t<div class=\"elementor-element elementor-element-6a48c9e elementor-widget elementor-widget-image\" data-id=\"6a48c9e\" data-element_type=\"widget\" data-widget_type=\"image.default\">\n\t\t\t\t<div class=\"elementor-widget-container\">\n\t\t\t\t\t\t\t\t\t\t\t\t\t\t\t\t<a href=\"https:\/\/villawinter.com\/es\/?p=635\">\n\t\t\t\t\t\t\t<img loading=\"lazy\" decoding=\"async\" width=\"310\" height=\"444\" src=\"data:image\/gif;base64,R0lGODlhAQABAIAAAAAAAP\/\/\/yH5BAEAAAAALAAAAAABAAEAAAIBRAA7\" data-src=\"https:\/\/villawinter.com\/wp-content\/uploads\/2021\/06\/41QDhFvTPGL._SX309_BO1204203200_-e1519499459828.jpg\" class=\"attachment-large size-large wp-image-638 lazyload\" alt=\"\" data-srcset=\"https:\/\/villawinter.com\/wp-content\/uploads\/2021\/06\/41QDhFvTPGL._SX309_BO1204203200_-e1519499459828.jpg 310w, https:\/\/villawinter.com\/wp-content\/uploads\/2021\/06\/41QDhFvTPGL._SX309_BO1204203200_-e1519499459828-209x300.jpg 209w\" sizes=\"(max-width: 310px) 100vw, 310px\" \/><noscript><img loading=\"lazy\" decoding=\"async\" width=\"310\" height=\"444\" src=\"https:\/\/villawinter.com\/wp-content\/uploads\/2021\/06\/41QDhFvTPGL._SX309_BO1204203200_-e1519499459828.jpg\" class=\"attachment-large size-large wp-image-638 lazyload\" alt=\"\" srcset=\"https:\/\/villawinter.com\/wp-content\/uploads\/2021\/06\/41QDhFvTPGL._SX309_BO1204203200_-e1519499459828.jpg 310w, https:\/\/villawinter.com\/wp-content\/uploads\/2021\/06\/41QDhFvTPGL._SX309_BO1204203200_-e1519499459828-209x300.jpg 209w\" sizes=\"(max-width: 310px) 100vw, 310px\" \/><\/noscript>\t\t\t\t\t\t\t\t<\/a>\n\t\t\t\t\t\t\t\t\t\t\t\t\t\t\t<\/div>\n\t\t\t\t<\/div>\n\t\t\t\t<div class=\"elementor-element elementor-element-8ff21d1 elementor-widget elementor-widget-heading\" data-id=\"8ff21d1\" data-element_type=\"widget\" data-widget_type=\"heading.default\">\n\t\t\t\t<div class=\"elementor-widget-container\">\n\t\t\t\t\t<h2 class=\"elementor-heading-title elementor-size-default\">DIE VILLA | P.E. Dangelmaier<\/h2>\t\t\t\t<\/div>\n\t\t\t\t<\/div>\n\t\t\t\t<div class=\"elementor-element elementor-element-175b2ae elementor-widget elementor-widget-heading\" data-id=\"175b2ae\" data-element_type=\"widget\" data-widget_type=\"heading.default\">\n\t\t\t\t<div class=\"elementor-widget-container\">\n\t\t\t\t\t<h2 class=\"elementor-heading-title elementor-size-default\">\u20ac 14,98<\/h2>\t\t\t\t<\/div>\n\t\t\t\t<\/div>\n\t\t\t\t\t<\/div>\n\t\t<\/div>\n\t\t\t\t\t<\/div>\n\t\t<\/section>\n\t\t\t\t\t<\/div>\n\t\t<\/div>\n\t\t\t\t\t<\/div>\n\t\t<\/main>\n\t\t\t\t<\/div>\n\t\t","protected":false},"excerpt":{"rendered":"<p>Tienda Ficci\u00f3n &#038; hechos comprobados: En nuestra tienda encontrar\u00e1s ambas cosas. La novela titulada La Villa, de P.E. Dangelmaier, te narra la historia tal y como podr\u00eda haber ocurrido. Y nuestro libro de divulgaci\u00f3n WINTER \u2013 EL MITO te desvelar\u00e1 el verdadero secreto sobre Gustav Winter mediante un gran n\u00famero de fotos, documentos, mapas y [&hellip;]<\/p>\n","protected":false},"author":2,"featured_media":488,"parent":0,"menu_order":0,"comment_status":"closed","ping_status":"closed","template":"elementor_header_footer","meta":{"footnotes":""},"class_list":["post-813","page","type-page","status-publish","has-post-thumbnail","hentry"],"_links":{"self":[{"href":"https:\/\/villawinter.com\/es\/wp-json\/wp\/v2\/pages\/813","targetHints":{"allow":["GET"]}}],"collection":[{"href":"https:\/\/villawinter.com\/es\/wp-json\/wp\/v2\/pages"}],"about":[{"href":"https:\/\/villawinter.com\/es\/wp-json\/wp\/v2\/types\/page"}],"author":[{"embeddable":true,"href":"https:\/\/villawinter.com\/es\/wp-json\/wp\/v2\/users\/2"}],"replies":[{"embeddable":true,"href":"https:\/\/villawinter.com\/es\/wp-json\/wp\/v2\/comments?post=813"}],"version-history":[{"count":3,"href":"https:\/\/villawinter.com\/es\/wp-json\/wp\/v2\/pages\/813\/revisions"}],"predecessor-version":[{"id":1120,"href":"https:\/\/villawinter.com\/es\/wp-json\/wp\/v2\/pages\/813\/revisions\/1120"}],"wp:featuredmedia":[{"embeddable":true,"href":"https:\/\/villawinter.com\/es\/wp-json\/wp\/v2\/media\/488"}],"wp:attachment":[{"href":"https:\/\/villawinter.com\/es\/wp-json\/wp\/v2\/media?parent=813"}],"curies":[{"name":"wp","href":"https:\/\/api.w.org\/{rel}","templated":true}]}}